{"id":93,"date":"2019-06-01T13:31:21","date_gmt":"2019-06-01T11:31:21","guid":{"rendered":"http:\/\/naturopause.fr\/?page_id=93"},"modified":"2026-03-14T22:39:04","modified_gmt":"2026-03-14T21:39:04","slug":"tarifs","status":"publish","type":"page","link":"https:\/\/naturopause.fr\/index.php\/tarifs\/","title":{"rendered":"Tarifs"},"content":{"rendered":"\n<p><strong>La consultation en  naturopathie<\/strong> :  60\u20ac la 1\u00e8re s\u00e9ance d&rsquo;1h30 environ <\/p>\n\n\n\n<p><strong>Suivi bilan :<\/strong> r\u00e9forme alimentaire, ajustement du protocole, mis en place de th\u00e9rapies compl\u00e9mentaires : respiration, massages, r\u00e9flexologie plantaire et ou palmaire ,&#8230; <\/p>\n\n\n\n<p>S\u00e9ance 2 et s\u00e9ance 3 : 50\u20ac \/ 1h15 max<\/p>\n\n\n\n<p><strong>La r\u00e9flexologie plantaire : <\/strong>                          +\/- 45 minutes  45\u20ac                                                                                                                                                                                                                                      (ou     25 minutes 20\u20ac pour un \u00ab\u00a0soin\u00a0\u00bb tout en douceur,  juste comme \u00e7a pour le bonheur de se faire masser )<\/p>\n\n\n\n<p><strong>Le mystique  : <\/strong> La r\u00e9flexologie combin\u00e9e sophro\/hypno\/HE :                           +\/- 60 minutes     60\u20ac <\/p>\n\n\n\n<p><strong>Le programme \u00ab\u00a0S\u00e9r\u00e9nit\u00e9 d&rsquo;Automne<\/strong>\u00a0\u00bb : immunit\u00e9, d\u00e9tox, \u00e9nergie, massages, r\u00e9flexologie,&#8230;<\/p>\n\n\n\n<p>6 s\u00e9ances de 1h30 \u00e0 2h 75\u20ac\/s\u00e9ance =&gt; 450\u20ac le pack<\/p>\n\n\n\n<p>Possibilit\u00e9 d\u2019achat \u00e0 l\u2019unit\u00e9 entre 90 et 110\u20ac en fonction de la s\u00e9ance choisie<\/p>\n\n\n\n<p>Paiement possible en plusieurs fois ( me consulter)<\/p>\n\n\n\n<p><\/p>\n\n\n\n<p class=\"has-text-align-center\"> <img loading=\"lazy\" decoding=\"async\" width=\"150\" height=\"87\" class=\"wp-image-463\" style=\"width: 150px;\" src=\"http:\/\/naturopause.fr\/wp-content\/uploads\/2019\/12\/mutuellesante1.jpg\" alt=\"\" srcset=\"https:\/\/naturopause.fr\/wp-content\/uploads\/2019\/12\/mutuellesante1.jpg 454w, https:\/\/naturopause.fr\/wp-content\/uploads\/2019\/12\/mutuellesante1-300x174.jpg 300w\" sizes=\"(max-width: 150px) 100vw, 150px\" \/><\/p>\n\n\n\n<p class=\"has-text-align-center\"><strong>Penser \u00e0 demander \u00e0 votre mutuelle si elle prend en charge tout ou partie la consultation !!<\/strong><\/p>\n\n\n\n<p><\/p>\n\n\n<div class=\"wp-block-image\">\n<figure class=\"aligncenter is-resized\"><img loading=\"lazy\" decoding=\"async\" width=\"183\" height=\"275\" src=\"http:\/\/naturopause.fr\/wp-content\/uploads\/2019\/06\/images1.jpg\" alt=\"\" class=\"wp-image-166\" style=\"aspect-ratio:0.6619718309859155;width:216px;height:auto\"\/><figcaption class=\"wp-element-caption\"><strong>LES MASSAGES :<\/strong><\/figcaption><\/figure><\/div>\n\n\n<p><strong>Programme printemps \u00a0\u00bb les 5 p\u00e9tales<\/strong>\u00a0\u00bb :  200\u20ac pour 4 soins de 45 minutes et 1 d&rsquo;1h <\/p>\n\n\n\n<p><\/p>\n\n\n\n<p class=\"has-text-align-left\"><strong>Le Z\u00e9nitude : <\/strong>       (reflexo+cr\u00e2ne+visage)                                                     50 minutes  45\u20ac<\/p>\n\n\n\n<p class=\"has-text-align-left\"><strong>La petite \u00e9toile : <\/strong>    (reflexo+mains+bras+cr\u00e2ne+visage)               60 minutes 55\u20ac<\/p>\n\n\n\n<p><strong>Le Do(s)cile :<\/strong>                                                                                       50 minutes 50\u20ac<\/p>\n\n\n\n<p><strong>Le Reflex&rsquo;o dos :<\/strong>                                                                                      60 minutes 60\u20ac<\/p>\n\n\n\n<p><strong>L&rsquo;Envo\u00fbtant aux huiles essentielles:   <\/strong>                                              90 minutes 80\u20ac<\/p>\n\n\n\n<p><strong>Le ShirotChampi<\/strong>  : 60 minutes 60\u20ac<\/p>\n\n\n\n<p><strong>La pause ayurv\u00e9dique  aux huiles essentielles : <\/strong>                         90 minutes 80\u20ac<\/p>\n\n\n\n<p><strong>La \u00ab\u00a0m\u00e8re-veille\u00a0\u00bb <\/strong>(massage pour femme enceinte ) :                   60 minutes  55\u20ac  le 1er soin puis  45\u20ac \/soin <\/p>\n\n\n\n<p><strong>L&rsquo;envol\u00e9e de jambes l\u00e9g\u00e8res : <\/strong>                                                       45\/50 minutes \/50\u20ac     Boisson drainante offerte <\/p>\n\n\n\n<p>Forfaits \u00ab\u00a0sp\u00e9cial beaux jours\u00a0\u00bb du 1er avril au 30 septembre : 12 soins pour 540\u20ac au lieu de 600\u20ac soit 45\u20ac le soin !!!!! ou 6 soins 270\u20ac<\/p>\n\n\n\n<p><strong>Le massage \u00ab\u00a0sp\u00e9cial ventre \u00ab\u00a0<\/strong> :    45 minutes environ    40\u20ac<\/p>\n\n\n\n<p><strong>Le Massage Amma Assis<\/strong> : 40 minutes environ 30\u20ac<\/p>\n\n\n\n<p><strong>La \u00ab\u00a0peau d&rsquo;orange am\u00e8re\u00a0\u00bb : palper rouler<\/strong> manuel de                 25 minutes 25\u20ac  ou   200\u20ac la carte de 10 soins<\/p>\n\n\n\n<p><strong>Cure Harmonie Minceur f\u00e9minine :<\/strong><\/p>\n\n\n\n<figure class=\"wp-block-table\"><table><thead><tr><th>Type<\/th><th>Dur\u00e9e<\/th><th>Tarif s\u00e9ance<\/th><th>Forfait conseill\u00e9<\/th><\/tr><\/thead><tbody><tr><td>S\u00e9ance unique<\/td><td>50 min<\/td><td>50 \u20ac<\/td><td>\u2013<\/td><\/tr><tr><td>Forfait 6 s\u00e9ances<\/td><td>50 min<\/td><td>45 \u20ac \/ s\u00e9ance<\/td><td>240 \u20ac<\/td><\/tr><tr><td>Forfait 10 s\u00e9ances<\/td><td>50 min<\/td><td>40 \u20ac \/ s\u00e9ance<\/td><td>400 \u20ac + conseils naturo offert<\/td><\/tr><\/tbody><\/table><\/figure>\n\n\n<div class=\"wp-block-image\">\n<figure class=\"aligncenter is-resized\"><img loading=\"lazy\" decoding=\"async\" width=\"182\" height=\"277\" src=\"http:\/\/naturopause.fr\/wp-content\/uploads\/2019\/05\/index.jpg\" alt=\"\" class=\"wp-image-95\" style=\"width:296px;height:auto\"\/><figcaption class=\"wp-element-caption\">Annulation possible jusqu&rsquo;\u00e0 24h \u00e0 l&rsquo;avance!<\/figcaption><\/figure><\/div>\n\n\n<p class=\"has-vivid-purple-color has-text-color has-x-large-font-size\">ATTENTION : tout massage non annul\u00e9 au moins 24h \u00e0 l&rsquo;avance sera d\u00fb !<\/p>\n\n\n\n<p class=\"has-vivid-purple-color has-text-color has-x-large-font-size\">J&rsquo;ai mis le chauffage ou le ventilo , pr\u00e9par\u00e9 l&rsquo;espace : votre temps est pr\u00e9cieux le mien aussi&#8230;<\/p>\n\n\n\n<div class=\"wp-block-media-text alignwide is-stacked-on-mobile\" style=\"grid-template-columns:27% auto\"><figure class=\"wp-block-media-text__media\"><img loading=\"lazy\" decoding=\"async\" width=\"370\" height=\"250\" src=\"http:\/\/naturopause.fr\/wp-content\/uploads\/2020\/09\/huiles-essentielles-doterra-massage-soin-bien-etre-aromatouch-370x250.jpg\" alt=\"\" class=\"wp-image-613 size-full\" srcset=\"https:\/\/naturopause.fr\/wp-content\/uploads\/2020\/09\/huiles-essentielles-doterra-massage-soin-bien-etre-aromatouch-370x250.jpg 370w, https:\/\/naturopause.fr\/wp-content\/uploads\/2020\/09\/huiles-essentielles-doterra-massage-soin-bien-etre-aromatouch-370x250-300x203.jpg 300w\" sizes=\"(max-width: 370px) 100vw, 370px\" \/><\/figure><div class=\"wp-block-media-text__content\">\n<p><\/p>\n\n\n\n<p><\/p>\n\n\n\n<p><\/p>\n<\/div><\/div>\n\n\n\n<p><\/p>\n\n\n\n<p><\/p>\n","protected":false},"excerpt":{"rendered":"<p>La consultation en naturopathie : 60\u20ac la 1\u00e8re s\u00e9ance d&rsquo;1h30 environ Suivi bilan : r\u00e9forme alimentaire, ajustement du protocole, mis en place de th\u00e9rapies compl\u00e9mentaires : respiration, massages, r\u00e9flexologie plantaire et ou palmaire ,&#8230; S\u00e9ance 2 et s\u00e9ance 3 : 50\u20ac \/ 1h15 max&#8230;<\/p>\n","protected":false},"author":1,"featured_media":0,"parent":0,"menu_order":0,"comment_status":"closed","ping_status":"closed","template":"","meta":{"footnotes":""},"_links":{"self":[{"href":"https:\/\/naturopause.fr\/index.php\/wp-json\/wp\/v2\/pages\/93"}],"collection":[{"href":"https:\/\/naturopause.fr\/index.php\/wp-json\/wp\/v2\/pages"}],"about":[{"href":"https:\/\/naturopause.fr\/index.php\/wp-json\/wp\/v2\/types\/page"}],"author":[{"embeddable":true,"href":"https:\/\/naturopause.fr\/index.php\/wp-json\/wp\/v2\/users\/1"}],"replies":[{"embeddable":true,"href":"https:\/\/naturopause.fr\/index.php\/wp-json\/wp\/v2\/comments?post=93"}],"version-history":[{"count":52,"href":"https:\/\/naturopause.fr\/index.php\/wp-json\/wp\/v2\/pages\/93\/revisions"}],"predecessor-version":[{"id":1516,"href":"https:\/\/naturopause.fr\/index.php\/wp-json\/wp\/v2\/pages\/93\/revisions\/1516"}],"wp:attachment":[{"href":"https:\/\/naturopause.fr\/index.php\/wp-json\/wp\/v2\/media?parent=93"}],"curies":[{"name":"wp","href":"https:\/\/api.w.org\/{rel}","templated":true}]}}