{"id":528,"date":"2020-02-28T11:39:52","date_gmt":"2020-02-28T10:39:52","guid":{"rendered":"http:\/\/naturopause.fr\/?page_id=528"},"modified":"2023-05-09T12:20:18","modified_gmt":"2023-05-09T10:20:18","slug":"massage-ayurvedique","status":"publish","type":"page","link":"https:\/\/naturopause.fr\/index.php\/massage-ayurvedique\/","title":{"rendered":"Massage \u00ab\u00a0Rythme Ayurv\u00e9dique\u00a0\u00bb"},"content":{"rendered":"\n<div class=\"wp-block-media-text alignwide is-stacked-on-mobile\" style=\"grid-template-columns:39% auto\"><figure class=\"wp-block-media-text__media\"><img loading=\"lazy\" decoding=\"async\" width=\"377\" height=\"453\" src=\"http:\/\/naturopause.fr\/wp-content\/uploads\/2020\/02\/massage-ayurvedique.jpg\" alt=\"\" class=\"wp-image-529 size-full\" srcset=\"https:\/\/naturopause.fr\/wp-content\/uploads\/2020\/02\/massage-ayurvedique.jpg 377w, https:\/\/naturopause.fr\/wp-content\/uploads\/2020\/02\/massage-ayurvedique-250x300.jpg 250w\" sizes=\"(max-width: 377px) 100vw, 377px\" \/><\/figure><div class=\"wp-block-media-text__content\">\n<p class=\"has-large-font-size\">\u00ab\u00a0Une Pause Pr\u00e9cieuse\u00a0\u00bb <\/p>\n<\/div><\/div>\n\n\n\n<p> Le <strong>massage  tendance ayurv\u00e9dique<\/strong> est un massage de bien-\u00eatre  connu pour ses vertus pr\u00e9ventives et sa facult\u00e9 \u00e0 favoriser la  r\u00e9partition de l\u2019\u00e9nergie dans tout le corps <\/p>\n\n\n\n<p>Il se base sur la th\u00e9orie <strong>des Doshas<\/strong> : Vata, Pitta, Kapha. Important \u00e0  comprendre : Chacun d\u2019entre nous na\u00eet avec une constitution qui lui est  propre et selon l\u2019Ayurveda <strong>c\u2019est le massage qui doit s\u2019adapter \u00e0 ces constitutions<\/strong>.<\/p>\n\n\n\n<p>Le  massage ayurv\u00e9dique est donc individualis\u00e9 et utilis\u00e9 en fonction de votre constitution et de vos d\u00e9s\u00e9quilibres <\/p>\n\n\n\n<p><\/p>\n\n\n\n<p class=\"has-text-align-center\"><strong> Destin\u00e9 \u00e0 drainer les toxines vers le syst\u00e8me digestif, il favorise  l\u2019\u00e9limination, d\u00e9tend, r\u00e9duit la tension nerveuse et am\u00e9liore la  circulation sanguine.<\/strong><\/p>\n\n\n\n<p><strong> <\/strong><\/p>\n\n\n\n<p>Un massage ayurv\u00e9dique, au-del\u00e0 de ses vertus relaxantes, vous offre beaucoup d\u2019autres b\u00e9n\u00e9fices :<\/p>\n\n\n\n<ul>\n<li>Il permet une<strong> grande \u00e9vacuation du stress<\/strong>, l\u2019am\u00e9lioration du sommeil et l\u2019apaisement de la fatigue.<\/li>\n\n\n\n<li>Il tonifie et relaxe vos tissus musculaires, nourrit votre peau<\/li>\n\n\n\n<li>Il augmente la chaleur de votre corps et <strong>am\u00e9liore votre circulation sanguine et lymphatique<\/strong><\/li>\n\n\n\n<li>Il donne \u00e0 votre corps une <strong>sensation de l\u00e9g\u00e8ret\u00e9 et d\u2019\u00e9nergie<\/strong><\/li>\n\n\n\n<li>Il am\u00e9liore votre posture en assouplissant vos articulations<\/li>\n\n\n\n<li>Il  assouplit votre colonne vert\u00e9brale, am\u00e9liorant ainsi la transmission de  l\u2019influx nerveux vers vos organes et l\u2019ensemble de votre corps<\/li>\n\n\n\n<li>Il augmente votre<strong> concentration<\/strong><\/li>\n\n\n\n<li>Il vous donne confiance en vous ainsi qu\u2019une meilleure conscience de votre corps<\/li>\n<\/ul>\n\n\n\n<p>Avant le massage ( ou mieux : envoyer lors de la prise de rendez-vous ), nous ferons un test afin de d\u00e9terminer votre type : <\/p>\n\n\n\n<ul>\n<li>Vous \u00eates de type <strong>VATA<\/strong>  : vous avez besoin d\u2019un massage lent, enveloppant, r\u00e9gulier,  enracinant, dans un environnement rassurant et confortable avec beaucoup  d\u2019huile lourde, chaude et nourrissante. Le massage \u00e0 l\u2019huile est l\u2019une  des th\u00e9rapies les plus efficaces pour pacifier VATA<\/li>\n\n\n\n<li>Vous \u00eates de type <strong>PITTA<\/strong>  : il vous faut un massage un peu plus stimulant, un peu plus rapide et  profond, mais qui ne devra pas irriter, dans une atmosph\u00e8re moins  chaude, avec un peu moins d\u2019huile, de nature fra\u00eeche<\/li>\n\n\n\n<li>Vous \u00eates de type <strong>KAPHA<\/strong>  : vous retirerez d\u2019avantage de b\u00e9n\u00e9fices d\u2019un massage \u00e0 sec, avec des  poudres ou avec tr\u00e8s peu d\u2019huile, tr\u00e8s stimulant pour activer votre  syst\u00e8me lymphatique stagnant et votre aptitude \u00e0 la l\u00e9thargie.<\/li>\n<\/ul>\n\n\n<div class=\"wp-block-image\">\n<figure class=\"aligncenter size-full is-resized\"><img loading=\"lazy\" decoding=\"async\" src=\"http:\/\/naturopause.fr\/wp-content\/uploads\/2023\/05\/tableau-ayurveda-dosha-vata-pitta-kapha-3-yogavedas.jpg\" alt=\"\" class=\"wp-image-986\" width=\"466\" height=\"359\" srcset=\"https:\/\/naturopause.fr\/wp-content\/uploads\/2023\/05\/tableau-ayurveda-dosha-vata-pitta-kapha-3-yogavedas.jpg 868w, https:\/\/naturopause.fr\/wp-content\/uploads\/2023\/05\/tableau-ayurveda-dosha-vata-pitta-kapha-3-yogavedas-300x232.jpg 300w, https:\/\/naturopause.fr\/wp-content\/uploads\/2023\/05\/tableau-ayurveda-dosha-vata-pitta-kapha-3-yogavedas-768x593.jpg 768w, https:\/\/naturopause.fr\/wp-content\/uploads\/2023\/05\/tableau-ayurveda-dosha-vata-pitta-kapha-3-yogavedas-640x494.jpg 640w, https:\/\/naturopause.fr\/wp-content\/uploads\/2023\/05\/tableau-ayurveda-dosha-vata-pitta-kapha-3-yogavedas-600x463.jpg 600w, https:\/\/naturopause.fr\/wp-content\/uploads\/2023\/05\/tableau-ayurveda-dosha-vata-pitta-kapha-3-yogavedas-117x90.jpg 117w\" sizes=\"(max-width: 466px) 100vw, 466px\" \/><\/figure><\/div>\n\n\n<figure class=\"wp-block-image\"><img loading=\"lazy\" decoding=\"async\" width=\"550\" height=\"276\" src=\"http:\/\/naturopause.fr\/wp-content\/uploads\/2020\/02\/pause.jpg\" alt=\"\" class=\"wp-image-532\" srcset=\"https:\/\/naturopause.fr\/wp-content\/uploads\/2020\/02\/pause.jpg 550w, https:\/\/naturopause.fr\/wp-content\/uploads\/2020\/02\/pause-300x151.jpg 300w\" sizes=\"(max-width: 550px) 100vw, 550px\" \/><figcaption class=\"wp-element-caption\">Un moment pour se connaitre et se d\u00e9tendre<\/figcaption><\/figure>\n\n\n\n<p>Environ 1h30 : 80\u20ac<\/p>\n\n\n\n<p><\/p>\n","protected":false},"excerpt":{"rendered":"<p>\u00ab\u00a0Une Pause Pr\u00e9cieuse\u00a0\u00bb Le massage tendance ayurv\u00e9dique est un massage de bien-\u00eatre connu pour ses vertus pr\u00e9ventives et sa facult\u00e9 \u00e0 favoriser la r\u00e9partition de l\u2019\u00e9nergie dans tout le corps Il se base sur la th\u00e9orie des Doshas : Vata, Pitta, Kapha. Important \u00e0&#8230;<\/p>\n","protected":false},"author":1,"featured_media":0,"parent":0,"menu_order":0,"comment_status":"closed","ping_status":"closed","template":"","meta":{"footnotes":""},"_links":{"self":[{"href":"https:\/\/naturopause.fr\/index.php\/wp-json\/wp\/v2\/pages\/528"}],"collection":[{"href":"https:\/\/naturopause.fr\/index.php\/wp-json\/wp\/v2\/pages"}],"about":[{"href":"https:\/\/naturopause.fr\/index.php\/wp-json\/wp\/v2\/types\/page"}],"author":[{"embeddable":true,"href":"https:\/\/naturopause.fr\/index.php\/wp-json\/wp\/v2\/users\/1"}],"replies":[{"embeddable":true,"href":"https:\/\/naturopause.fr\/index.php\/wp-json\/wp\/v2\/comments?post=528"}],"version-history":[{"count":8,"href":"https:\/\/naturopause.fr\/index.php\/wp-json\/wp\/v2\/pages\/528\/revisions"}],"predecessor-version":[{"id":988,"href":"https:\/\/naturopause.fr\/index.php\/wp-json\/wp\/v2\/pages\/528\/revisions\/988"}],"wp:attachment":[{"href":"https:\/\/naturopause.fr\/index.php\/wp-json\/wp\/v2\/media?parent=528"}],"curies":[{"name":"wp","href":"https:\/\/api.w.org\/{rel}","templated":true}]}}