{"id":450,"date":"2019-12-04T19:49:15","date_gmt":"2019-12-04T18:49:15","guid":{"rendered":"http:\/\/naturopause.fr\/?page_id=450"},"modified":"2020-01-08T17:41:10","modified_gmt":"2020-01-08T16:41:10","slug":"3-eme-seance-apprendre-a-ecouter-votre-corps","status":"publish","type":"page","link":"https:\/\/naturopause.fr\/index.php\/3-eme-seance-apprendre-a-ecouter-votre-corps\/","title":{"rendered":"3 \u00e8me s\u00e9ance : Apprendre \u00e0 \u00e9couter votre corps"},"content":{"rendered":"\n<div class=\"wp-block-media-text alignwide\"><figure class=\"wp-block-media-text__media\"><img loading=\"lazy\" decoding=\"async\" width=\"720\" height=\"720\" src=\"http:\/\/naturopause.fr\/wp-content\/uploads\/2019\/12\/6785e3867d210c8a5acd719511a63cc9.jpg\" alt=\"\" class=\"wp-image-451\" srcset=\"https:\/\/naturopause.fr\/wp-content\/uploads\/2019\/12\/6785e3867d210c8a5acd719511a63cc9.jpg 720w, https:\/\/naturopause.fr\/wp-content\/uploads\/2019\/12\/6785e3867d210c8a5acd719511a63cc9-300x300.jpg 300w, https:\/\/naturopause.fr\/wp-content\/uploads\/2019\/12\/6785e3867d210c8a5acd719511a63cc9-100x100.jpg 100w, https:\/\/naturopause.fr\/wp-content\/uploads\/2019\/12\/6785e3867d210c8a5acd719511a63cc9-600x600.jpg 600w, https:\/\/naturopause.fr\/wp-content\/uploads\/2019\/12\/6785e3867d210c8a5acd719511a63cc9-150x150.jpg 150w, https:\/\/naturopause.fr\/wp-content\/uploads\/2019\/12\/6785e3867d210c8a5acd719511a63cc9-624x624.jpg 624w\" sizes=\"(max-width: 720px) 100vw, 720px\" \/><\/figure><div class=\"wp-block-media-text__content\">\n<p class=\"has-medium-font-size\"><strong>Le <\/strong><strong>troisi\u00e8me\nrendez-vous<\/strong> sera&nbsp;ax\u00e9 sur&nbsp;<strong>votre<\/strong><strong>\ncorps et <\/strong><strong>les diff\u00e9rentes techniques naturelles <\/strong>\n<\/p>\n<\/div><\/div>\n\n\n\n<p><strong>Au cabinet : <\/strong><\/p>\n\n\n\n<ul><li>\u00e9coute de vos \u00e9ventuelles questions et vos ressentis, et <strong>red\u00e9finir votre \u00e9tat de sant\u00e9 au bout de ces 6 mois de suivi<\/strong><\/li><li>retour sur vos r\u00e9ponses au questionnaire IoMet<\/li><li>conseils psycho-\u00e9motionnel&nbsp;: <strong>technique de respiration, coh\u00e9rence cardiaque, massages, techniques r\u00e9flexes , fleurs du Dr Bach, huile essentielles, hydroth\u00e9rapie, &#8230;<\/strong><\/li><li>conseils de compl\u00e9ments alimentaires de pr\u00e9vention en fonction de votre terrain<\/li><li><strong>1\/2 de r\u00e9flexologie  plantaire ou 1\/2h massage cr\u00e2nien<\/strong>  ( si assez de temps )<\/li><\/ul>\n\n\n\n<p><strong>Par mail&nbsp;:<\/strong> envoie d&rsquo;une m\u00e9ditation guid\u00e9e  <\/p>\n\n\n\n<table class=\"wp-block-table has-subtle-pale-pink-background-color has-background\"><tbody><tr><td><img loading=\"lazy\" decoding=\"async\" width=\"70\" height=\"70\" class=\"wp-image-410\" style=\"width: 70px;\" src=\"http:\/\/naturopause.fr\/wp-content\/uploads\/2019\/12\/reveil.jpg\" alt=\"\" srcset=\"https:\/\/naturopause.fr\/wp-content\/uploads\/2019\/12\/reveil.jpg 1024w, https:\/\/naturopause.fr\/wp-content\/uploads\/2019\/12\/reveil-300x300.jpg 300w, https:\/\/naturopause.fr\/wp-content\/uploads\/2019\/12\/reveil-100x100.jpg 100w, https:\/\/naturopause.fr\/wp-content\/uploads\/2019\/12\/reveil-600x600.jpg 600w, https:\/\/naturopause.fr\/wp-content\/uploads\/2019\/12\/reveil-150x150.jpg 150w, https:\/\/naturopause.fr\/wp-content\/uploads\/2019\/12\/reveil-768x768.jpg 768w, https:\/\/naturopause.fr\/wp-content\/uploads\/2019\/12\/reveil-624x624.jpg 624w\" sizes=\"(max-width: 70px) 100vw, 70px\" \/><\/td><td>1h15 maximum<\/td><\/tr><tr><td><img loading=\"lazy\" decoding=\"async\" width=\"70\" height=\"69\" class=\"wp-image-411\" style=\"width: 70px;\" src=\"http:\/\/naturopause.fr\/wp-content\/uploads\/2019\/12\/tirelire.jpg\" alt=\"\" srcset=\"https:\/\/naturopause.fr\/wp-content\/uploads\/2019\/12\/tirelire.jpg 226w, https:\/\/naturopause.fr\/wp-content\/uploads\/2019\/12\/tirelire-100x100.jpg 100w, https:\/\/naturopause.fr\/wp-content\/uploads\/2019\/12\/tirelire-150x150.jpg 150w\" sizes=\"(max-width: 70px) 100vw, 70px\" \/><\/td><td> 50\u20ac\/ s\u00e9ance  (par ch\u00e8que ou esp\u00e8ce) <\/td><\/tr><tr><td><img loading=\"lazy\" decoding=\"async\" width=\"70\" height=\"64\" class=\"wp-image-412\" style=\"width: 70px;\" src=\"http:\/\/naturopause.fr\/wp-content\/uploads\/2019\/12\/outils.jpg\" alt=\"\" srcset=\"https:\/\/naturopause.fr\/wp-content\/uploads\/2019\/12\/outils.jpg 1300w, https:\/\/naturopause.fr\/wp-content\/uploads\/2019\/12\/outils-600x549.jpg 600w, https:\/\/naturopause.fr\/wp-content\/uploads\/2019\/12\/outils-300x275.jpg 300w, https:\/\/naturopause.fr\/wp-content\/uploads\/2019\/12\/outils-768x703.jpg 768w, https:\/\/naturopause.fr\/wp-content\/uploads\/2019\/12\/outils-1024x937.jpg 1024w, https:\/\/naturopause.fr\/wp-content\/uploads\/2019\/12\/outils-624x571.jpg 624w\" sizes=\"(max-width: 70px) 100vw, 70px\" \/><\/td><td>Envoie d&rsquo;une m\u00e9ditation guid\u00e9e ou autre en fonction de<br> vos besoins<\/td><\/tr><tr><td><img loading=\"lazy\" decoding=\"async\" width=\"70\" height=\"70\" class=\"wp-image-413\" style=\"width: 70px;\" src=\"http:\/\/naturopause.fr\/wp-content\/uploads\/2019\/12\/cadeau.jpg\" alt=\"\" srcset=\"https:\/\/naturopause.fr\/wp-content\/uploads\/2019\/12\/cadeau.jpg 626w, https:\/\/naturopause.fr\/wp-content\/uploads\/2019\/12\/cadeau-300x300.jpg 300w, https:\/\/naturopause.fr\/wp-content\/uploads\/2019\/12\/cadeau-100x100.jpg 100w, https:\/\/naturopause.fr\/wp-content\/uploads\/2019\/12\/cadeau-600x600.jpg 600w, https:\/\/naturopause.fr\/wp-content\/uploads\/2019\/12\/cadeau-150x150.jpg 150w, https:\/\/naturopause.fr\/wp-content\/uploads\/2019\/12\/cadeau-624x624.jpg 624w\" sizes=\"(max-width: 70px) 100vw, 70px\" \/><\/td><td><strong>Tarif pr\u00e9f\u00e9rentiel: <\/strong> <br> * 1 massage \u00ab&nbsp;Z\u00e9nitude ou do(s)cile ou Jambes d\u00e9tox&nbsp;\u00bb  <br><s>50\u20ac<\/s> =&gt; 40\u20ac<br> * 5 s\u00e9ances de sauna achet\u00e9s = 1 offerte  <br> * 2 Ateliers \u00e0 th\u00e8me&nbsp;au choix : <s>25<\/s>\u20ac \/atelier =&gt; 15\u20ac\/atelier  <\/td><\/tr><tr><td><img loading=\"lazy\" decoding=\"async\" width=\"70\" height=\"61\" class=\"wp-image-414\" style=\"width: 70px;\" src=\"http:\/\/naturopause.fr\/wp-content\/uploads\/2019\/12\/conseils.jpg\" alt=\"\"><\/td><td><strong>Conseil&nbsp;:<\/strong>  <br> 6 \u00e8me mois&nbsp;:  faire un suivi final (\u00ab\u00a0\u00e9tat des lieux\u00a0\u00bb de votre sant\u00e9) <br>avec le m\u00eame questionnaire du d\u00e9but pour constater les changements IOMET (demander l&rsquo;envoie par mail !)<\/td><\/tr><tr><td><img loading=\"lazy\" decoding=\"async\" width=\"70\" height=\"62\" class=\"wp-image-415\" style=\"width: 70px;\" src=\"http:\/\/naturopause.fr\/wp-content\/uploads\/2019\/12\/rendez-vous.jpg\" alt=\"\"><\/td><td>P<strong>our prendre rendez-vous&nbsp;:<\/strong><br> <strong>06 400 503 87<\/strong><br> marieclebrun.naturopathe@gmail.com <\/td><\/tr><\/tbody><\/table>\n","protected":false},"excerpt":{"rendered":"<p>Le troisi\u00e8me rendez-vous sera&nbsp;ax\u00e9 sur&nbsp;votre corps et les diff\u00e9rentes techniques naturelles Au cabinet : \u00e9coute de vos \u00e9ventuelles questions et vos ressentis, et red\u00e9finir votre \u00e9tat de sant\u00e9 au bout de ces 6 mois de suivi retour sur vos r\u00e9ponses au questionnaire IoMet conseils&#8230;<\/p>\n","protected":false},"author":1,"featured_media":0,"parent":0,"menu_order":0,"comment_status":"closed","ping_status":"closed","template":"","meta":{"footnotes":""},"_links":{"self":[{"href":"https:\/\/naturopause.fr\/index.php\/wp-json\/wp\/v2\/pages\/450"}],"collection":[{"href":"https:\/\/naturopause.fr\/index.php\/wp-json\/wp\/v2\/pages"}],"about":[{"href":"https:\/\/naturopause.fr\/index.php\/wp-json\/wp\/v2\/types\/page"}],"author":[{"embeddable":true,"href":"https:\/\/naturopause.fr\/index.php\/wp-json\/wp\/v2\/users\/1"}],"replies":[{"embeddable":true,"href":"https:\/\/naturopause.fr\/index.php\/wp-json\/wp\/v2\/comments?post=450"}],"version-history":[{"count":9,"href":"https:\/\/naturopause.fr\/index.php\/wp-json\/wp\/v2\/pages\/450\/revisions"}],"predecessor-version":[{"id":514,"href":"https:\/\/naturopause.fr\/index.php\/wp-json\/wp\/v2\/pages\/450\/revisions\/514"}],"wp:attachment":[{"href":"https:\/\/naturopause.fr\/index.php\/wp-json\/wp\/v2\/media?parent=450"}],"curies":[{"name":"wp","href":"https:\/\/api.w.org\/{rel}","templated":true}]}}