{"id":441,"date":"2019-12-04T19:32:26","date_gmt":"2019-12-04T18:32:26","guid":{"rendered":"http:\/\/naturopause.fr\/?page_id=441"},"modified":"2020-01-08T17:40:44","modified_gmt":"2020-01-08T16:40:44","slug":"2eme-seance-faisons-le-point","status":"publish","type":"page","link":"https:\/\/naturopause.fr\/index.php\/2eme-seance-faisons-le-point\/","title":{"rendered":"2\u00e8me s\u00e9ance : Faisons le point!"},"content":{"rendered":"\n<div class=\"wp-block-media-text alignwide\" style=\"grid-template-columns:39% auto\"><figure class=\"wp-block-media-text__media\"><img loading=\"lazy\" decoding=\"async\" width=\"236\" height=\"353\" src=\"http:\/\/naturopause.fr\/wp-content\/uploads\/2019\/12\/bilan.jpg\" alt=\"\" class=\"wp-image-442\" srcset=\"https:\/\/naturopause.fr\/wp-content\/uploads\/2019\/12\/bilan.jpg 236w, https:\/\/naturopause.fr\/wp-content\/uploads\/2019\/12\/bilan-201x300.jpg 201w\" sizes=\"(max-width: 236px) 100vw, 236px\" \/><\/figure><div class=\"wp-block-media-text__content\">\n<p><strong>S<\/strong><strong>econd<\/strong>\n<strong>rendez-vous<\/strong>, pour faire le point sur les\nmodifications apport\u00e9es et proposer des ajustements si besoin. \n<\/p>\n\n\n\n<p>Nous regarderons\n<strong>comment composer des repas adapt\u00e9s \u00e0 vos besoins,<\/strong>\nje vous donnerai aussi  des conseils sur la respiration et autres\ntechniques naturelles.<\/p>\n<\/div><\/div>\n\n\n\n<p><strong>Au cabinet :<\/strong><\/p>\n\n\n\n<ul><li>\u00e9coute de vos \u00e9ventuelles questions et d\u00e9finir votre moral<\/li><li>retour sur vos r\u00e9ponses au questionnaire Bionalys <\/li><li>r\u00e9\u00e9quilibrage alimentaire , poursuite ou non de la cure ,&#8230;<\/li><li>1\/2 de r\u00e9flexologie  plantaire ou 1\/2h de massage cr\u00e2nien*                     (*si le temps imparti le permets) <\/li><\/ul>\n\n\n\n<p><strong>Par mail : durant les 2 mois qui suivent :<\/strong><\/p>\n\n\n\n<ul><li>Chaque semaines&nbsp;:  Envoi de menus adapt\u00e9s \u00e0 votre sant\u00e9  <\/li><li><strong>Je reste disponible<\/strong> jusqu&rsquo;au rendez-vous final : r\u00e9ponses \u00e0 vos questions compl\u00e9mentaires (associ\u00e9es \u00e0 la probl\u00e9matique d\u00e9finie ensemble!)<\/li><li>\u00e0 la fin du 1<sup>er<\/sup> mois apr\u00e8s le suivi , envoie questionnaire IoMet  (Permet d&rsquo;\u00e9tablir une <strong>cure personnalis\u00e9e<\/strong>, adapt\u00e9e \u00e0 vos besoins)  <\/li><\/ul>\n\n\n\n<table class=\"wp-block-table aligncenter has-subtle-pale-blue-background-color has-background is-style-regular\"><tbody><tr><td><img loading=\"lazy\" decoding=\"async\" width=\"70\" height=\"70\" class=\"wp-image-410\" style=\"width: 70px;\" src=\"http:\/\/naturopause.fr\/wp-content\/uploads\/2019\/12\/reveil.jpg\" alt=\"\" srcset=\"https:\/\/naturopause.fr\/wp-content\/uploads\/2019\/12\/reveil.jpg 1024w, https:\/\/naturopause.fr\/wp-content\/uploads\/2019\/12\/reveil-300x300.jpg 300w, https:\/\/naturopause.fr\/wp-content\/uploads\/2019\/12\/reveil-100x100.jpg 100w, https:\/\/naturopause.fr\/wp-content\/uploads\/2019\/12\/reveil-600x600.jpg 600w, https:\/\/naturopause.fr\/wp-content\/uploads\/2019\/12\/reveil-150x150.jpg 150w, https:\/\/naturopause.fr\/wp-content\/uploads\/2019\/12\/reveil-768x768.jpg 768w, https:\/\/naturopause.fr\/wp-content\/uploads\/2019\/12\/reveil-624x624.jpg 624w\" sizes=\"(max-width: 70px) 100vw, 70px\" \/><\/td><td>1h15 maximum<\/td><\/tr><tr><td><img loading=\"lazy\" decoding=\"async\" width=\"70\" height=\"69\" class=\"wp-image-411\" style=\"width: 70px;\" src=\"http:\/\/naturopause.fr\/wp-content\/uploads\/2019\/12\/tirelire.jpg\" alt=\"\" srcset=\"https:\/\/naturopause.fr\/wp-content\/uploads\/2019\/12\/tirelire.jpg 226w, https:\/\/naturopause.fr\/wp-content\/uploads\/2019\/12\/tirelire-100x100.jpg 100w, https:\/\/naturopause.fr\/wp-content\/uploads\/2019\/12\/tirelire-150x150.jpg 150w\" sizes=\"(max-width: 70px) 100vw, 70px\" \/><\/td><td>50\u20ac\/ s\u00e9ance  (par ch\u00e8que ou esp\u00e8ce) <\/td><\/tr><tr><td><img loading=\"lazy\" decoding=\"async\" width=\"70\" height=\"64\" class=\"wp-image-412\" style=\"width: 70px;\" src=\"http:\/\/naturopause.fr\/wp-content\/uploads\/2019\/12\/outils.jpg\" alt=\"\" srcset=\"https:\/\/naturopause.fr\/wp-content\/uploads\/2019\/12\/outils.jpg 1300w, https:\/\/naturopause.fr\/wp-content\/uploads\/2019\/12\/outils-600x549.jpg 600w, https:\/\/naturopause.fr\/wp-content\/uploads\/2019\/12\/outils-300x275.jpg 300w, https:\/\/naturopause.fr\/wp-content\/uploads\/2019\/12\/outils-768x703.jpg 768w, https:\/\/naturopause.fr\/wp-content\/uploads\/2019\/12\/outils-1024x937.jpg 1024w, https:\/\/naturopause.fr\/wp-content\/uploads\/2019\/12\/outils-624x571.jpg 624w\" sizes=\"(max-width: 70px) 100vw, 70px\" \/><\/td><td>Envoie du questionnaire IoMet <\/td><\/tr><tr><td><img loading=\"lazy\" decoding=\"async\" width=\"70\" height=\"70\" class=\"wp-image-413\" style=\"width: 70px;\" src=\"http:\/\/naturopause.fr\/wp-content\/uploads\/2019\/12\/cadeau.jpg\" alt=\"\" srcset=\"https:\/\/naturopause.fr\/wp-content\/uploads\/2019\/12\/cadeau.jpg 626w, https:\/\/naturopause.fr\/wp-content\/uploads\/2019\/12\/cadeau-300x300.jpg 300w, https:\/\/naturopause.fr\/wp-content\/uploads\/2019\/12\/cadeau-100x100.jpg 100w, https:\/\/naturopause.fr\/wp-content\/uploads\/2019\/12\/cadeau-600x600.jpg 600w, https:\/\/naturopause.fr\/wp-content\/uploads\/2019\/12\/cadeau-150x150.jpg 150w, https:\/\/naturopause.fr\/wp-content\/uploads\/2019\/12\/cadeau-624x624.jpg 624w\" sizes=\"(max-width: 70px) 100vw, 70px\" \/><\/td><td><strong>Tarif pr\u00e9f\u00e9rentiel : <\/strong><br> * 1 massage \u00ab&nbsp;Z\u00e9nitude ou do(s)cile ou Jambes d\u00e9tox&nbsp;\u00bb  50\u20ac =&gt; 40\u20ac<br>* Soins de r\u00e9flexologie plantaire : 45\u20ac=&gt;35\u20ac  ( \u00e0 volont\u00e9 !)<br> * 5 s\u00e9ances de sauna achet\u00e9s = 1 offerte <\/td><\/tr><tr><td><img loading=\"lazy\" decoding=\"async\" width=\"70\" height=\"61\" class=\"wp-image-414\" style=\"width: 70px;\" src=\"http:\/\/naturopause.fr\/wp-content\/uploads\/2019\/12\/conseils.jpg\" alt=\"\"><\/td><td><strong> Je vous recommande &nbsp;:<\/strong><br> 6 mois maximum pour  3\u00e8me s\u00e9ance <\/td><\/tr><tr><td><img loading=\"lazy\" decoding=\"async\" width=\"70\" height=\"62\" class=\"wp-image-415\" style=\"width: 70px;\" src=\"http:\/\/naturopause.fr\/wp-content\/uploads\/2019\/12\/rendez-vous.jpg\" alt=\"\"><\/td><td><strong> Pour prendre rendez-vous&nbsp;:<\/strong><br> <strong>06 400 503 87<\/strong><br> marieclebrun.naturopathe@gmail.com <\/td><\/tr><\/tbody><\/table>\n","protected":false},"excerpt":{"rendered":"<p>Second rendez-vous, pour faire le point sur les modifications apport\u00e9es et proposer des ajustements si besoin. Nous regarderons comment composer des repas adapt\u00e9s \u00e0 vos besoins, je vous donnerai aussi des conseils sur la respiration et autres techniques naturelles. Au cabinet : \u00e9coute de&#8230;<\/p>\n","protected":false},"author":1,"featured_media":0,"parent":0,"menu_order":0,"comment_status":"closed","ping_status":"closed","template":"","meta":{"footnotes":""},"_links":{"self":[{"href":"https:\/\/naturopause.fr\/index.php\/wp-json\/wp\/v2\/pages\/441"}],"collection":[{"href":"https:\/\/naturopause.fr\/index.php\/wp-json\/wp\/v2\/pages"}],"about":[{"href":"https:\/\/naturopause.fr\/index.php\/wp-json\/wp\/v2\/types\/page"}],"author":[{"embeddable":true,"href":"https:\/\/naturopause.fr\/index.php\/wp-json\/wp\/v2\/users\/1"}],"replies":[{"embeddable":true,"href":"https:\/\/naturopause.fr\/index.php\/wp-json\/wp\/v2\/comments?post=441"}],"version-history":[{"count":11,"href":"https:\/\/naturopause.fr\/index.php\/wp-json\/wp\/v2\/pages\/441\/revisions"}],"predecessor-version":[{"id":513,"href":"https:\/\/naturopause.fr\/index.php\/wp-json\/wp\/v2\/pages\/441\/revisions\/513"}],"wp:attachment":[{"href":"https:\/\/naturopause.fr\/index.php\/wp-json\/wp\/v2\/media?parent=441"}],"curies":[{"name":"wp","href":"https:\/\/api.w.org\/{rel}","templated":true}]}}