{"id":1496,"date":"2026-03-14T21:11:53","date_gmt":"2026-03-14T20:11:53","guid":{"rendered":"https:\/\/naturopause.fr\/?page_id=1496"},"modified":"2026-03-14T21:11:53","modified_gmt":"2026-03-14T20:11:53","slug":"le-rituel-des-5-petales","status":"publish","type":"page","link":"https:\/\/naturopause.fr\/index.php\/le-rituel-des-5-petales\/","title":{"rendered":"Le Rituel des 5 P\u00e9tales"},"content":{"rendered":"\n<h3 class=\"wp-block-heading\">\u00ab\u00a0Un parcours bien-\u00eatre de printemps&#8230;\u00a0\u00bb<\/h3>\n\n\n\n<p>Le printemps est la saison du renouveau. Apr\u00e8s l\u2019hiver, le corps a souvent besoin de se lib\u00e9rer des tensions accumul\u00e9es, de relancer son \u00e9nergie et de retrouver l\u00e9g\u00e8ret\u00e9 et vitalit\u00e9.<\/p>\n\n\n\n<p>Le <strong>Rituel des 5 P\u00e9tales<\/strong> est un parcours de cinq soins progressifs inspir\u00e9s des fleurs du printemps. Chaque \u00e9tape agit sur un aspect particulier du bien-\u00eatre : nettoyage, d\u00e9tente profonde, circulation, \u00e9quilibre et \u00e9nergie.<\/p>\n\n\n\n<p>Les soins sont r\u00e9alis\u00e9s <strong>dans un ordre pr\u00e9cis<\/strong> afin d\u2019accompagner votre corps progressivement vers plus d\u2019harmonie.<\/p>\n\n\n\n<p>Le rituel comprend <strong>4 soins de 45 minutes et un soin final d\u20191 heure<\/strong> !<\/p>\n\n\n\n<hr class=\"wp-block-separator has-alpha-channel-opacity\"\/>\n\n\n\n<h3 class=\"wp-block-heading has-luminous-vivid-amber-color has-text-color has-link-color wp-elements-c8ecdb7b19d99e6edb02cf724a40458e\">P\u00e9tale 1 : le Pissenlit, le Renouveau du corps<\/h3>\n\n\n\n<p>Ce premier soin marque symboliquement la sortie de l\u2019hiver.<\/p>\n\n\n\n<p>Il d\u00e9bute par <strong>une exfoliation douce du dos et des jambes<\/strong>, permettant d\u2019\u00e9liminer les cellules mortes et de stimuler la circulation. Ce geste simple aide le corps \u00e0 \u00ab changer de peau \u00bb et \u00e0 se pr\u00e9parer au printemps.<\/p>\n\n\n\n<p>Apr\u00e9s une douche bienfaisante, le soin se poursuit par un <strong>massage drainant du dos et des jambes<\/strong>, favorisant la circulation et soutenant les fonctions naturelles d\u2019\u00e9limination du corps.<\/p>\n\n\n\n<p class=\"has-luminous-vivid-amber-color has-text-color has-link-color wp-elements-6f534087e599d50472bbb268caacc365\">Objectif : apporter une sensation de l\u00e9g\u00e8ret\u00e9 et pr\u00e9parer le corps au reste du rituel.<\/p>\n\n\n\n<h3 class=\"wp-block-heading has-vivid-purple-color has-text-color has-link-color wp-elements-0730bfe3f0d1604a01c4311205f10437\">P\u00e9tale 2 : la Violette, l&rsquo;Apaisement profond du syst\u00e8me nerveux<\/h3>\n\n\n\n<p>Ce soin est consacr\u00e9 \u00e0 la d\u00e9tente et \u00e0 l\u2019apaisement du syst\u00e8me nerveux.<\/p>\n\n\n\n<p>Le massage se concentre sur : le dos, les trap\u00e9zes, la nuque, &#8230; ainsi que le ventre ( zone souvent li\u00e9e aux tensions \u00e9motionnelles)<\/p>\n\n\n\n<p>Le travail du ventre aide \u00e0 rel\u00e2cher les tensions digestives et favorise une respiration plus profonde.<\/p>\n\n\n\n<p>Et pour fini un <strong>massage cr\u00e2nien approfondi<\/strong> qui  stimule le nerf vague, participant \u00e0 l\u2019activation du syst\u00e8me parasympathique (le syst\u00e8me de r\u00e9cup\u00e9ration du corps). <\/p>\n\n\n\n<ul>\n<li>diminuer les tensions nerveuses<\/li>\n\n\n\n<li>favoriser la d\u00e9tente profonde<\/li>\n\n\n\n<li>accompagner la baisse du cortisol (hormone du stress)<\/li>\n<\/ul>\n\n\n\n<p class=\"has-vivid-purple-color has-text-color has-link-color wp-elements-82a6a41e168183e4e792685314c4cbc5\">Objectif : installer un v\u00e9ritable rel\u00e2chement du corps et du mental.<\/p>\n\n\n\n<h3 class=\"wp-block-heading has-light-green-cyan-color has-text-color has-link-color wp-elements-fb929e0a579c2edbaa9c6c9109e32bcb\"><strong>P\u00e9tale 3: la P\u00e2querette, l&rsquo;\u00c9clat et rayonnement<\/strong><\/h3>\n\n\n\n<p>Ce soin est d\u00e9di\u00e9 au <strong>haut du corps et au visage<\/strong>.<\/p>\n\n\n\n<p>Le massage comprend : le d\u00e9collet\u00e9 et  les \u00e9paules, le visage et le cou ainsi que le cuir chevelu<\/p>\n\n\n\n<p>Il est r\u00e9alis\u00e9 avec <strong>une huile v\u00e9g\u00e9tale de p\u00e2querette<\/strong>, reconnue pour soutenir la tonicit\u00e9 et la souplesse de la peau.<\/p>\n\n\n\n<p>Ce massage stimule la micro-circulation, d\u00e9tend les traits du visage et apporte une sensation de fra\u00eecheur et de luminosit\u00e9.<\/p>\n\n\n\n<p class=\"has-vivid-green-cyan-color has-text-color has-link-color wp-elements-3b68c2fa601e04e5fa50c8059577fd35\"><strong>Objectif : retrouver un visage repos\u00e9 et un rayonnement naturel.<\/strong><\/p>\n\n\n\n<h3 class=\"wp-block-heading has-pale-pink-color has-text-color has-link-color wp-elements-72c59235c661db481b9567975c8d2340\"><strong>P\u00e9tale 4: le Lilas, l&rsquo;Harmonisation \u00e9nerg\u00e9tique<\/strong><\/h3>\n\n\n\n<p>Ce soin vise \u00e0 r\u00e9\u00e9quilibrer l\u2019\u00e9nergie du corps.<\/p>\n\n\n\n<p>Il associe deux approches compl\u00e9mentaires :<\/p>\n\n\n\n<p>\u2022 <strong>Massage Amma assis<\/strong>, r\u00e9alis\u00e9 habill\u00e9, qui agit sur le dos, les \u00e9paules et la nuque afin de lib\u00e9rer les tensions et relancer la circulation \u00e9nerg\u00e9tique.<\/p>\n\n\n\n<p>\u2022 <strong>R\u00e9flexologie plantaire relaxante<\/strong>, permettant de stimuler certaines zones r\u00e9flexes du pied en lien avec les diff\u00e9rents syst\u00e8mes du corps.<\/p>\n\n\n\n<p class=\"has-pale-pink-color has-text-color has-link-color wp-elements-43190c9a0e94de06c1d71aba234af8c5\"><strong>Objectif : r\u00e9\u00e9quilibrer l\u2019\u00e9nergie globale et retrouver une sensation d\u2019ancrage et d\u2019harmonie.<\/strong><\/p>\n\n\n\n<h3 class=\"wp-block-heading has-text-color has-link-color wp-elements-5b0499dbefa98166129fa673b160ef6d\" style=\"color:#f9eb54\">P\u00e9tale 5: le Mimosa, la Vitalit\u00e9 et l&rsquo;\u00e9nergie solaire<\/h3>\n\n\n\n<p>Le dernier soin du rituel est le plus long (1 heure) et repr\u00e9sente l\u2019aboutissement du parcours.<\/p>\n\n\n\n<p>Il s\u2019agit d\u2019un <strong>massage du corps complet<\/strong>, plus dynamique et lumineux, alternant gestes enveloppants et mouvements plus stimulants pour relancer la circulation et l\u2019\u00e9nergie.<\/p>\n\n\n\n<p>Le massage insiste particuli\u00e8rement sur :<\/p>\n\n\n\n<ul>\n<li>les jambes pour redonner de l\u2019\u00e9lan<\/li>\n\n\n\n<li>le dos pour lib\u00e9rer les tensions<\/li>\n\n\n\n<li>le cuir chevelu pour apporter clart\u00e9 et l\u00e9g\u00e8ret\u00e9<\/li>\n<\/ul>\n\n\n\n<p>Le soin se termine par <strong>une brume d\u2019eau florale<\/strong>, fra\u00eeche et d\u00e9licate, qui cl\u00f4ture le rituel dans une sensation de douceur et de bien-\u00eatre.<\/p>\n\n\n\n<p class=\"has-black-color has-very-light-gray-to-cyan-bluish-gray-gradient-background has-text-color has-background has-link-color wp-elements-0844bf14de6310a79dbdde47fa2eb96c\">Objectif : retrouver vitalit\u00e9, l\u00e9g\u00e8ret\u00e9 et \u00e9nergie pour entrer pleinement dans la saison.<\/p>\n\n\n\n<hr class=\"wp-block-separator has-alpha-channel-opacity\"\/>\n\n\n\n<p><strong>Tarif du Rituel des 5 P\u00e9tales : 200 \u20ac<\/strong> ( possibilit\u00e9 en plusieurs fois)<\/p>\n\n\n\n<p>Le rituel comprend :<\/p>\n\n\n\n<ul>\n<li>4 soins de 45 minutes<\/li>\n\n\n\n<li>1 soin final de 1 heure<\/li>\n<\/ul>\n\n\n\n<p>Disponible <strong>exclusivement au printemps<\/strong> !!! ( de mi-mars au 21 juin)<\/p>\n\n\n<div class=\"wp-block-image\">\n<figure class=\"aligncenter size-large is-resized\"><img loading=\"lazy\" decoding=\"async\" width=\"683\" height=\"1024\" src=\"https:\/\/naturopause.fr\/wp-content\/uploads\/2026\/03\/ChatGPT-Image-14-mars-2026-19_41_23-2-683x1024.png\" alt=\"\" class=\"wp-image-1503\" style=\"width:471px;height:auto\" srcset=\"https:\/\/naturopause.fr\/wp-content\/uploads\/2026\/03\/ChatGPT-Image-14-mars-2026-19_41_23-2-683x1024.png 683w, https:\/\/naturopause.fr\/wp-content\/uploads\/2026\/03\/ChatGPT-Image-14-mars-2026-19_41_23-2-200x300.png 200w, https:\/\/naturopause.fr\/wp-content\/uploads\/2026\/03\/ChatGPT-Image-14-mars-2026-19_41_23-2-768x1152.png 768w, https:\/\/naturopause.fr\/wp-content\/uploads\/2026\/03\/ChatGPT-Image-14-mars-2026-19_41_23-2-427x640.png 427w, https:\/\/naturopause.fr\/wp-content\/uploads\/2026\/03\/ChatGPT-Image-14-mars-2026-19_41_23-2.png 1024w\" sizes=\"(max-width: 683px) 100vw, 683px\" \/><\/figure><\/div>","protected":false},"excerpt":{"rendered":"<p>\u00ab\u00a0Un parcours bien-\u00eatre de printemps&#8230;\u00a0\u00bb Le printemps est la saison du renouveau. Apr\u00e8s l\u2019hiver, le corps a souvent besoin de se lib\u00e9rer des tensions accumul\u00e9es, de relancer son \u00e9nergie et de retrouver l\u00e9g\u00e8ret\u00e9 et vitalit\u00e9. Le Rituel des 5 P\u00e9tales est un parcours de&#8230;<\/p>\n","protected":false},"author":1,"featured_media":1501,"parent":0,"menu_order":0,"comment_status":"closed","ping_status":"closed","template":"","meta":{"footnotes":""},"_links":{"self":[{"href":"https:\/\/naturopause.fr\/index.php\/wp-json\/wp\/v2\/pages\/1496"}],"collection":[{"href":"https:\/\/naturopause.fr\/index.php\/wp-json\/wp\/v2\/pages"}],"about":[{"href":"https:\/\/naturopause.fr\/index.php\/wp-json\/wp\/v2\/types\/page"}],"author":[{"embeddable":true,"href":"https:\/\/naturopause.fr\/index.php\/wp-json\/wp\/v2\/users\/1"}],"replies":[{"embeddable":true,"href":"https:\/\/naturopause.fr\/index.php\/wp-json\/wp\/v2\/comments?post=1496"}],"version-history":[{"count":6,"href":"https:\/\/naturopause.fr\/index.php\/wp-json\/wp\/v2\/pages\/1496\/revisions"}],"predecessor-version":[{"id":1507,"href":"https:\/\/naturopause.fr\/index.php\/wp-json\/wp\/v2\/pages\/1496\/revisions\/1507"}],"wp:featuredmedia":[{"embeddable":true,"href":"https:\/\/naturopause.fr\/index.php\/wp-json\/wp\/v2\/media\/1501"}],"wp:attachment":[{"href":"https:\/\/naturopause.fr\/index.php\/wp-json\/wp\/v2\/media?parent=1496"}],"curies":[{"name":"wp","href":"https:\/\/api.w.org\/{rel}","templated":true}]}}