{"id":1476,"date":"2026-01-07T14:59:07","date_gmt":"2026-01-07T13:59:07","guid":{"rendered":"https:\/\/naturopause.fr\/?page_id=1476"},"modified":"2026-03-14T22:22:31","modified_gmt":"2026-03-14T21:22:31","slug":"la-minceur","status":"publish","type":"page","link":"https:\/\/naturopause.fr\/index.php\/la-minceur\/","title":{"rendered":"CURE \u00ab\u00a0HARMONIE F\u00c9MININE\u00a0\u00bb"},"content":{"rendered":"\n<p>Quand on est stress\u00e9e, le corps stocke. <br>Ce massage aide d\u2019abord le corps \u00e0 se d\u00e9tendre pour qu\u2019il puisse ensuite \u00e9liminer.<\/p>\n\n\n\n<p>Je vous propose donc un accompagnement global pour vous aider \u00e0 vous all\u00e9ger, vous \u00e9quilibrer et vous d\u00e9tendre, en particulier lors des changements hormonaux.<\/p>\n\n\n\n<h6 class=\"wp-block-heading has-text-align-center has-black-color has-text-color has-background has-link-color wp-elements-5c7f95f9467589e8e04cf57862af3d8e\" style=\"background:linear-gradient(135deg,rgb(255,203,112) 0%,rgb(199,81,192) 50%,rgb(65,88,208) 87%)\">Cure Harmonie F\u00e9minine : Un Accompagnement global pour le corps f\u00e9minin<\/h6>\n\n\n\n<p>La <strong>Cure Harmonie F\u00e9minine<\/strong> est un soin pens\u00e9 pour <strong>toutes les femmes<\/strong>, \u00e0 tous les \u00e2ges, qui souhaitent prendre soin de leur corps en douceur et en respectant son rythme naturel.<\/p>\n\n\n\n<p class=\"has-vivid-cyan-blue-color has-text-color has-link-color wp-elements-74f79317b4f66acd778d3ef1ecf37b8a\">Elle combine :<\/p>\n\n\n\n<ul>\n<li><strong>Drainage doux<\/strong> pour faciliter l\u2019\u00e9limination et diminuer la r\u00e9tention d\u2019eau<\/li>\n\n\n\n<li>Utilisation d<strong>&lsquo;huiles essentielles <\/strong>ou eaux florales en fonction de vos besoins<\/li>\n\n\n\n<li><strong>Palper-rouler tonique adapt\u00e9<\/strong> pour un d\u00e9stockage confortable et efficace<\/li>\n\n\n\n<li><strong>Phase de d\u00e9tente neuro-\u00e9motionnelle<\/strong> pour apaiser le stress et soutenir l\u2019\u00e9quilibre hormonal<\/li>\n\n\n\n<li>Massage lent et profond des jambes, des fessiers, des hanches, du ventre, des bras et pour finir avec le cr\u00e2ne.<\/li>\n<\/ul>\n\n\n\n<h5 class=\"wp-block-heading has-vivid-cyan-blue-color has-text-color has-link-color wp-elements-cf947938a94b85eff91117ce32e1345a\">Pourquoi cette cure ?<\/h5>\n\n\n\n<p>Le corps f\u00e9minin traverse de nombreuses phases et changements hormonaux, notamment lors de la <strong>p\u00e9ri-m\u00e9nopause et la m\u00e9nopause<\/strong>.<br> 50 minutes de soin, c&rsquo;est<strong> le temps n\u00e9cessaire<\/strong> pour agir en profondeur, en douceur, et permettre au corps de retrouver <strong>\u00e9quilibre, l\u00e9g\u00e8ret\u00e9 et bien-\u00eatre<\/strong>.<\/p>\n\n\n\n<h5 class=\"wp-block-heading has-vivid-cyan-blue-color has-text-color has-link-color wp-elements-41a59092f10c43d4c4454904fe4b5f7a\">\ud83c\udf38 Bienfaits<\/h5>\n\n\n\n<ul>\n<li>Sensation de <strong>l\u00e9g\u00e8ret\u00e9 et de bien-\u00eatre<\/strong> imm\u00e9diate<\/li>\n\n\n\n<li>Am\u00e9lioration des <strong>circulations ; sanguines ET lymphatiques,  gr\u00e2ce au drainage<\/strong><\/li>\n\n\n\n<li>Silhouette plus souple et harmonieuse<\/li>\n\n\n\n<li>R\u00e9duction du <strong>stress et des tensions<\/strong><\/li>\n\n\n\n<li>Adapt\u00e9e aux femmes <strong>de tout \u00e2ge<\/strong>, avec une attention particuli\u00e8re aux changements hormonaux<\/li>\n<\/ul>\n\n\n\n<p class=\"has-text-align-center has-black-color has-cool-to-warm-spectrum-gradient-background has-text-color has-background has-link-color has-medium-font-size wp-elements-162c452275b51b1fab9f5a84e6e320b3\"><strong> \u00ab La cure minceur globale soutient votre m\u00e9tabolisme, \u00e9quilibre vos hormones et apaise le stress, pour une silhouette affin\u00e9e, durable et respectueuse de votre f\u00e9minit\u00e9. \u00bb<\/strong><\/p>\n\n\n\n<h5 class=\"wp-block-heading has-vivid-cyan-blue-color has-text-color has-link-color wp-elements-d9ffa9a45f9d84142f1648e4860be610\">Dur\u00e9e et tarifs :<\/h5>\n\n\n\n<figure class=\"wp-block-table\"><table><thead><tr><th>Type<\/th><th>Dur\u00e9e<\/th><th>Tarif s\u00e9ance<\/th><th>Forfait conseill\u00e9<\/th><\/tr><\/thead><tbody><tr><td>S\u00e9ance unique<\/td><td>50 min  <\/td><td>50 \u20ac<\/td><td>\u2013<\/td><\/tr><tr><td>Forfait 6 s\u00e9ances       <\/td><td>50 min         <\/td><td>45 \u20ac \/ s\u00e9ance<\/td><td>240 \u20ac<\/td><\/tr><tr><td>Forfait 10 s\u00e9ances<\/td><td>50 min<\/td><td>40 \u20ac \/ s\u00e9ance   <\/td><td>400 \u20ac + conseils naturo offert<\/td><\/tr><\/tbody><\/table><\/figure>\n\n\n\n<h4 class=\"wp-block-heading has-text-align-left has-black-color has-luminous-dusk-gradient-background has-text-color has-background has-link-color wp-elements-136a8d87b83e89b2638147351c32591d\">+ mes conseils naturopathie pour l&rsquo;achat d&rsquo;au moins une cure compl\u00e8te :<\/h4>\n\n\n\n<ul>\n<li><strong>Imp\u00e9dancem\u00e8tre et prise des mesures<\/strong> pour suivre l\u2019\u00e9volution corporelle<\/li>\n\n\n\n<li><strong>Tableau semainier<\/strong> pour noter votre alimentations et vos \u00e9motions<\/li>\n\n\n\n<li><strong>Choix d\u2019huiles essentielles<\/strong> cibl\u00e9es selon vos besoins et envies<\/li>\n\n\n\n<li><strong>Calcul du m\u00e9tabolisme de base<\/strong> et conseils pour le relancer si n\u00e9cessaire<\/li>\n\n\n\n<li><strong>Fiche auto-observation cortisol\/stress<\/strong> <\/li>\n\n\n\n<li>Fiche sp\u00e9ciale <strong>\u00ab\u00a0Mini-check m\u00e9tabolique<\/strong>\u00a0\u00bb (Tour de taille,Tension art\u00e9rielle, glyc\u00e9mie, IMC,..)<\/li>\n<\/ul>\n","protected":false},"excerpt":{"rendered":"<p>Quand on est stress\u00e9e, le corps stocke. Ce massage aide d\u2019abord le corps \u00e0 se d\u00e9tendre pour qu\u2019il puisse ensuite \u00e9liminer. Je vous propose donc un accompagnement global pour vous aider \u00e0 vous all\u00e9ger, vous \u00e9quilibrer et vous d\u00e9tendre, en particulier lors des changements&#8230;<\/p>\n","protected":false},"author":1,"featured_media":1512,"parent":0,"menu_order":0,"comment_status":"closed","ping_status":"closed","template":"","meta":{"footnotes":""},"_links":{"self":[{"href":"https:\/\/naturopause.fr\/index.php\/wp-json\/wp\/v2\/pages\/1476"}],"collection":[{"href":"https:\/\/naturopause.fr\/index.php\/wp-json\/wp\/v2\/pages"}],"about":[{"href":"https:\/\/naturopause.fr\/index.php\/wp-json\/wp\/v2\/types\/page"}],"author":[{"embeddable":true,"href":"https:\/\/naturopause.fr\/index.php\/wp-json\/wp\/v2\/users\/1"}],"replies":[{"embeddable":true,"href":"https:\/\/naturopause.fr\/index.php\/wp-json\/wp\/v2\/comments?post=1476"}],"version-history":[{"count":13,"href":"https:\/\/naturopause.fr\/index.php\/wp-json\/wp\/v2\/pages\/1476\/revisions"}],"predecessor-version":[{"id":1513,"href":"https:\/\/naturopause.fr\/index.php\/wp-json\/wp\/v2\/pages\/1476\/revisions\/1513"}],"wp:featuredmedia":[{"embeddable":true,"href":"https:\/\/naturopause.fr\/index.php\/wp-json\/wp\/v2\/media\/1512"}],"wp:attachment":[{"href":"https:\/\/naturopause.fr\/index.php\/wp-json\/wp\/v2\/media?parent=1476"}],"curies":[{"name":"wp","href":"https:\/\/api.w.org\/{rel}","templated":true}]}}