{"id":1410,"date":"2025-09-23T14:41:47","date_gmt":"2025-09-23T12:41:47","guid":{"rendered":"https:\/\/naturopause.fr\/?page_id=1410"},"modified":"2025-09-23T14:41:47","modified_gmt":"2025-09-23T12:41:47","slug":"reservation-en-ligne","status":"publish","type":"page","link":"https:\/\/naturopause.fr\/index.php\/reservation-en-ligne\/","title":{"rendered":"R\u00c9SERVATION en LIGNE"},"content":{"rendered":"\n<p>Bienvenue !<\/p>\n\n\n\n<p><strong>Vous \u00eates au bon endroit pour r\u00e9server&nbsp; un moment pr\u00e9cieux .<\/strong><\/p>\n\n\n\n<p>Naturopathe dipl\u00f4m\u00e9e, je saurais, au gr\u00e9s des saisons, vous accompagner dans vos nouvelles habitudes de vie.<\/p>\n\n\n\n<p>Je vous propose aussi mes<strong> massages bien-\u00eatre personnalis\u00e9s<\/strong> aux huiles essentielles et&nbsp; mes<strong> s\u00e9ances de r\u00e9flexologie plantaire<\/strong><\/p>\n\n\n\n<!-- D\u00e9but de widget itiaki -->\n<a href=\"https:\/\/rdv.itiaki.com\/naturopause\" title=\"Prendre rendez-vous en ligne\" class=\"frame-itiaki\" target=\"_blank\" data-src=\"https:\/\/rdv.itiaki.com\/naturopause\" data-max-width=\"100%\" data-initial-height=\"800\" data-scrolling=\"yes\" data-id=\"naturopause\" data-category=\"\" data-resize=\"1\" rel=\"noopener\">Prendre rendez-vous<\/a>\n<script type=\"text\/javascript\" src=\"https:\/\/static.itiaki.com\/external\/widget.js\"><\/script>\n<!-- Fin de widget itiaki -->\n\n\n\n<ol>\n<li>Choisissez la prestation souhait\u00e9e.<\/li>\n\n\n\n<li>S\u00e9lectionnez la date et l&rsquo;heure qui vous conviennent.<\/li>\n\n\n\n<li>Validez votre rendez-vous en quelques clics.<\/li>\n\n\n\n<li>Un mail de confirmation vous sera envoy\u00e9.<\/li>\n\n\n\n<li>Vous ne trouvez pas votre bonheur ? : contacter moi directement au 0640050387 pour d&rsquo;autres propositions de cr\u00e9neau horaire .<\/li>\n<\/ol>\n\n\n\n<p>Parking devant le cabinet ;merci d&rsquo;arriver 5 \u00e0 10 minutes \u00e0 l&rsquo;avance ( mais pas plus , je n&rsquo;ai pas de salle d&rsquo;attente)<\/p>\n","protected":false},"excerpt":{"rendered":"<p>Bienvenue ! Vous \u00eates au bon endroit pour r\u00e9server&nbsp; un moment pr\u00e9cieux . Naturopathe dipl\u00f4m\u00e9e, je saurais, au gr\u00e9s des saisons, vous accompagner dans vos nouvelles habitudes de vie. Je vous propose aussi mes massages bien-\u00eatre personnalis\u00e9s aux huiles essentielles et&nbsp; mes s\u00e9ances de&#8230;<\/p>\n","protected":false},"author":1,"featured_media":0,"parent":0,"menu_order":0,"comment_status":"closed","ping_status":"closed","template":"","meta":{"footnotes":""},"_links":{"self":[{"href":"https:\/\/naturopause.fr\/index.php\/wp-json\/wp\/v2\/pages\/1410"}],"collection":[{"href":"https:\/\/naturopause.fr\/index.php\/wp-json\/wp\/v2\/pages"}],"about":[{"href":"https:\/\/naturopause.fr\/index.php\/wp-json\/wp\/v2\/types\/page"}],"author":[{"embeddable":true,"href":"https:\/\/naturopause.fr\/index.php\/wp-json\/wp\/v2\/users\/1"}],"replies":[{"embeddable":true,"href":"https:\/\/naturopause.fr\/index.php\/wp-json\/wp\/v2\/comments?post=1410"}],"version-history":[{"count":3,"href":"https:\/\/naturopause.fr\/index.php\/wp-json\/wp\/v2\/pages\/1410\/revisions"}],"predecessor-version":[{"id":1413,"href":"https:\/\/naturopause.fr\/index.php\/wp-json\/wp\/v2\/pages\/1410\/revisions\/1413"}],"wp:attachment":[{"href":"https:\/\/naturopause.fr\/index.php\/wp-json\/wp\/v2\/media?parent=1410"}],"curies":[{"name":"wp","href":"https:\/\/api.w.org\/{rel}","templated":true}]}}