{"id":140,"date":"2019-05-31T18:17:53","date_gmt":"2019-05-31T16:17:53","guid":{"rendered":"http:\/\/naturopause.fr\/?page_id=140"},"modified":"2025-09-08T11:21:25","modified_gmt":"2025-09-08T09:21:25","slug":"la-reflexologie-plantaire","status":"publish","type":"page","link":"https:\/\/naturopause.fr\/index.php\/la-reflexologie-plantaire\/","title":{"rendered":"La r\u00e9flexologie plantaire"},"content":{"rendered":"\n<p class=\"has-text-align-center\"><strong>C\u2019est une m\u00e9thode de stimulation manuelle qui harmonise l\u2019\u00e9nergie vitale par des pressions et des massages des pieds. <\/strong><\/p>\n\n\n\n<p class=\"has-text-align-center\">Elle est <strong>pr\u00e9ventive et curative.<\/strong><\/p>\n\n\n\n<p>Elle\n permet de d\u00e9barrasser le corps du stress, des tensions et des \u00e9motions \nn\u00e9gatives dont le r\u00f4le d\u00e9clenchant de certains troubles est bien connu :\n Probl\u00e8mes gastriques, intestinaux,&nbsp; fatigue, nervosit\u00e9, \u00e9tat \nmigraineux, tensions musculaires, etc.<\/p>\n\n\n\n<p>C\u2019est une technique de&nbsp;d\u00e9tente tr\u00e8s agr\u00e9able,&nbsp;tr\u00e8s  efficace&nbsp;et&nbsp;sans risque, elle favorise une bonne circulation,  l\u2019\u00e9limination de toxines et l\u2019\u00e9quilibre du syst\u00e8me endocrinien. <\/p>\n\n\n\n<p>Elle  agit sur l\u2019\u00e9tat global de la sant\u00e9, en r\u00e9duisant les tensions, en  r\u00e9tablissant un flux d\u2019\u00e9nergie harmonieux et en d\u00e9logeant les toxines.<\/p>\n\n\n<div class=\"wp-block-image\">\n<figure class=\"aligncenter is-resized\"><img loading=\"lazy\" decoding=\"async\" width=\"190\" height=\"265\" src=\"http:\/\/naturopause.fr\/wp-content\/uploads\/2019\/09\/pieds.jpg\" alt=\"\" class=\"wp-image-260\" style=\"width:261px;height:364px\"\/><\/figure><\/div>\n\n\n<p class=\"has-text-align-center has-black-color has-text-color has-large-font-size\">\u00a0\u00bb La semaine mondiale de la r\u00e9flexologie plantaire aura lieu du : <strong>Lundi 22 au samedi 27 septembre 2025<\/strong>\u00ab\u00a0<\/p>\n\n\n\n<p class=\"has-text-align-center has-large-font-size\">=&gt; Tarif pr\u00e9f\u00e9rentiel : 30\u20ac au lieu de 45\u20ac<\/p>\n\n\n\n<p class=\"has-large-font-size\">=> Atelier d&rsquo;initiation : samedi 27 de 9h30 \u00e0 12h30<\/p>\n\n\n\n<p class=\"has-large-font-size\"> 45\u20ac\/personne sur inscription; collation offerte <\/p>\n\n\n\n<p><\/p>\n\n\n<div class=\"wp-block-image\">\n<figure class=\"aligncenter is-resized\"><img loading=\"lazy\" decoding=\"async\" width=\"800\" height=\"565\" src=\"http:\/\/naturopause.fr\/wp-content\/uploads\/2019\/09\/11377326-1651730778392112-8178778665349395189-n.jpg\" alt=\"\" class=\"wp-image-267\" style=\"width:596px;height:420px\" srcset=\"https:\/\/naturopause.fr\/wp-content\/uploads\/2019\/09\/11377326-1651730778392112-8178778665349395189-n.jpg 800w, https:\/\/naturopause.fr\/wp-content\/uploads\/2019\/09\/11377326-1651730778392112-8178778665349395189-n-600x424.jpg 600w, https:\/\/naturopause.fr\/wp-content\/uploads\/2019\/09\/11377326-1651730778392112-8178778665349395189-n-300x212.jpg 300w, https:\/\/naturopause.fr\/wp-content\/uploads\/2019\/09\/11377326-1651730778392112-8178778665349395189-n-768x542.jpg 768w\" sizes=\"(max-width: 800px) 100vw, 800px\" \/><\/figure><\/div>\n\n\n<p class=\"has-text-align-center has-vivid-purple-color has-text-color has-large-font-size\">Afin de favoriser votre ressourcement, et vous permettre de retrouver votre \u00e9nergie :<strong> je peux combiner la r\u00e9flexologie avec de la m\u00e9ditation guid\u00e9e, du d\u00e9codage \u00e9motionnel, des huiles essentielles, &#8230;. <\/strong><\/p>\n\n\n\n<figure class=\"wp-block-gallery has-nested-images columns-default is-cropped wp-block-gallery-1 is-layout-flex wp-block-gallery-is-layout-flex\">\n<figure class=\"wp-block-image size-large is-style-rounded\"><img loading=\"lazy\" decoding=\"async\" width=\"750\" height=\"1000\" data-id=\"970\" src=\"http:\/\/naturopause.fr\/wp-content\/uploads\/2023\/04\/334248273_961665728604164_7115167507252984716_n-1.jpg\" alt=\"\" class=\"wp-image-970\" srcset=\"https:\/\/naturopause.fr\/wp-content\/uploads\/2023\/04\/334248273_961665728604164_7115167507252984716_n-1.jpg 750w, https:\/\/naturopause.fr\/wp-content\/uploads\/2023\/04\/334248273_961665728604164_7115167507252984716_n-1-225x300.jpg 225w, https:\/\/naturopause.fr\/wp-content\/uploads\/2023\/04\/334248273_961665728604164_7115167507252984716_n-1-480x640.jpg 480w, https:\/\/naturopause.fr\/wp-content\/uploads\/2023\/04\/334248273_961665728604164_7115167507252984716_n-1-600x800.jpg 600w, https:\/\/naturopause.fr\/wp-content\/uploads\/2023\/04\/334248273_961665728604164_7115167507252984716_n-1-68x90.jpg 68w\" sizes=\"(max-width: 750px) 100vw, 750px\" \/><\/figure>\n\n\n\n<figure class=\"wp-block-image size-large is-style-rounded\"><img loading=\"lazy\" decoding=\"async\" width=\"750\" height=\"563\" data-id=\"972\" src=\"http:\/\/naturopause.fr\/wp-content\/uploads\/2023\/04\/334185668_1866529503724692_9174811985716121024_n-1.jpg\" alt=\"\" class=\"wp-image-972\" srcset=\"https:\/\/naturopause.fr\/wp-content\/uploads\/2023\/04\/334185668_1866529503724692_9174811985716121024_n-1.jpg 750w, https:\/\/naturopause.fr\/wp-content\/uploads\/2023\/04\/334185668_1866529503724692_9174811985716121024_n-1-300x225.jpg 300w, https:\/\/naturopause.fr\/wp-content\/uploads\/2023\/04\/334185668_1866529503724692_9174811985716121024_n-1-640x480.jpg 640w, https:\/\/naturopause.fr\/wp-content\/uploads\/2023\/04\/334185668_1866529503724692_9174811985716121024_n-1-600x450.jpg 600w, https:\/\/naturopause.fr\/wp-content\/uploads\/2023\/04\/334185668_1866529503724692_9174811985716121024_n-1-120x90.jpg 120w\" sizes=\"(max-width: 750px) 100vw, 750px\" \/><\/figure>\n\n\n\n<figure class=\"wp-block-image size-large is-style-rounded\"><img loading=\"lazy\" decoding=\"async\" width=\"577\" height=\"1024\" data-id=\"973\" src=\"http:\/\/naturopause.fr\/wp-content\/uploads\/2023\/04\/338395158_943645016817063_5354054658138359225_n-577x1024.jpg\" alt=\"\" class=\"wp-image-973\" srcset=\"https:\/\/naturopause.fr\/wp-content\/uploads\/2023\/04\/338395158_943645016817063_5354054658138359225_n-577x1024.jpg 577w, https:\/\/naturopause.fr\/wp-content\/uploads\/2023\/04\/338395158_943645016817063_5354054658138359225_n-169x300.jpg 169w, https:\/\/naturopause.fr\/wp-content\/uploads\/2023\/04\/338395158_943645016817063_5354054658138359225_n-768x1364.jpg 768w, https:\/\/naturopause.fr\/wp-content\/uploads\/2023\/04\/338395158_943645016817063_5354054658138359225_n-865x1536.jpg 865w, https:\/\/naturopause.fr\/wp-content\/uploads\/2023\/04\/338395158_943645016817063_5354054658138359225_n-360x640.jpg 360w, https:\/\/naturopause.fr\/wp-content\/uploads\/2023\/04\/338395158_943645016817063_5354054658138359225_n-600x1066.jpg 600w, https:\/\/naturopause.fr\/wp-content\/uploads\/2023\/04\/338395158_943645016817063_5354054658138359225_n-51x90.jpg 51w, https:\/\/naturopause.fr\/wp-content\/uploads\/2023\/04\/338395158_943645016817063_5354054658138359225_n.jpg 1153w\" sizes=\"(max-width: 577px) 100vw, 577px\" \/><\/figure>\n<\/figure>\n\n\n\n<figure class=\"wp-block-video aligncenter\"><video controls src=\"http:\/\/naturopause.fr\/wp-content\/uploads\/2023\/04\/10000000_6132458496816390_4068859563624322254_n.mp4\"><\/video><\/figure>\n","protected":false},"excerpt":{"rendered":"<p>C\u2019est une m\u00e9thode de stimulation manuelle qui harmonise l\u2019\u00e9nergie vitale par des pressions et des massages des pieds. Elle est pr\u00e9ventive et curative. Elle permet de d\u00e9barrasser le corps du stress, des tensions et des \u00e9motions n\u00e9gatives dont le r\u00f4le d\u00e9clenchant de certains troubles&#8230;<\/p>\n","protected":false},"author":1,"featured_media":0,"parent":0,"menu_order":0,"comment_status":"closed","ping_status":"closed","template":"","meta":{"footnotes":""},"_links":{"self":[{"href":"https:\/\/naturopause.fr\/index.php\/wp-json\/wp\/v2\/pages\/140"}],"collection":[{"href":"https:\/\/naturopause.fr\/index.php\/wp-json\/wp\/v2\/pages"}],"about":[{"href":"https:\/\/naturopause.fr\/index.php\/wp-json\/wp\/v2\/types\/page"}],"author":[{"embeddable":true,"href":"https:\/\/naturopause.fr\/index.php\/wp-json\/wp\/v2\/users\/1"}],"replies":[{"embeddable":true,"href":"https:\/\/naturopause.fr\/index.php\/wp-json\/wp\/v2\/comments?post=140"}],"version-history":[{"count":9,"href":"https:\/\/naturopause.fr\/index.php\/wp-json\/wp\/v2\/pages\/140\/revisions"}],"predecessor-version":[{"id":1406,"href":"https:\/\/naturopause.fr\/index.php\/wp-json\/wp\/v2\/pages\/140\/revisions\/1406"}],"wp:attachment":[{"href":"https:\/\/naturopause.fr\/index.php\/wp-json\/wp\/v2\/media?parent=140"}],"curies":[{"name":"wp","href":"https:\/\/api.w.org\/{rel}","templated":true}]}}