{"id":14,"date":"2017-08-17T20:20:16","date_gmt":"2017-08-17T18:20:16","guid":{"rendered":"http:\/\/naturopause.fr\/?page_id=14"},"modified":"2025-12-17T17:01:52","modified_gmt":"2025-12-17T16:01:52","slug":"accueil","status":"publish","type":"page","link":"https:\/\/naturopause.fr\/","title":{"rendered":""},"content":{"rendered":"<div class=\"wp-block-image is-style-rounded\">\n<figure class=\"aligncenter size-full is-resized\"><img loading=\"lazy\" decoding=\"async\" width=\"960\" height=\"952\" src=\"https:\/\/naturopause.fr\/wp-content\/uploads\/2024\/09\/452374696_10225762430428544_7460423166178914562_n.jpg\" alt=\"\" class=\"wp-image-1311\" style=\"aspect-ratio:1.0091116173120729;width:351px;height:auto\" srcset=\"https:\/\/naturopause.fr\/wp-content\/uploads\/2024\/09\/452374696_10225762430428544_7460423166178914562_n.jpg 960w, https:\/\/naturopause.fr\/wp-content\/uploads\/2024\/09\/452374696_10225762430428544_7460423166178914562_n-300x298.jpg 300w, https:\/\/naturopause.fr\/wp-content\/uploads\/2024\/09\/452374696_10225762430428544_7460423166178914562_n-150x150.jpg 150w, https:\/\/naturopause.fr\/wp-content\/uploads\/2024\/09\/452374696_10225762430428544_7460423166178914562_n-768x762.jpg 768w, https:\/\/naturopause.fr\/wp-content\/uploads\/2024\/09\/452374696_10225762430428544_7460423166178914562_n-640x635.jpg 640w, https:\/\/naturopause.fr\/wp-content\/uploads\/2024\/09\/452374696_10225762430428544_7460423166178914562_n-600x595.jpg 600w, https:\/\/naturopause.fr\/wp-content\/uploads\/2024\/09\/452374696_10225762430428544_7460423166178914562_n-100x100.jpg 100w, https:\/\/naturopause.fr\/wp-content\/uploads\/2024\/09\/452374696_10225762430428544_7460423166178914562_n-91x90.jpg 91w\" sizes=\"(max-width: 960px) 100vw, 960px\" \/><figcaption class=\"wp-element-caption\"><strong>Bonjour !<\/strong><\/figcaption><\/figure><\/div>\n\n\n<p>Je suis ravie de pouvoir vous recevoir dans mon tout nouveau cabinet,\u00a0 et\u00a0 vous proposer des massages douceurs , zen ou tonifiants ainsi que diff\u00e9rents\u00a0 soins de r\u00e9flexologies plantaires , &#8230;<\/p>\n\n\n\n<p>Naturopathe dipl\u00f4m\u00e9e, je saurais vous conseiller en r\u00e9forme alimentaire, en phytoth\u00e9rapie,\u00a0 aromath\u00e9rapie, oligoth\u00e9rapie&#8230;\u00a0 pour vous accompagner dans vos nouvelles habitudes pour une meilleure hygi\u00e8ne de vie &#8230;<\/p>\n\n\n\n<p>Je prendrais le temps n\u00e9cessaire pour vous \u00e9couter lors d\u2019un moment d&rsquo;\u00e9changes, afin de d\u00e9finir ensemble vos besoins , vos envies&#8230; ; (je suis form\u00e9e en osteofluidique, m\u00e9thode douce d\u2019\u00e9nergie avec d\u00e9codage et lib\u00e9ration \u00e9motionnel ) .<\/p>\n\n\n\n<p>J&rsquo;aime aussi proposer des formations certifiantes en r\u00e9flexologie plantaire et diff\u00e9rents ateliers \u00e0 th\u00e8mes au gr\u00e8s des saisons.<\/p>\n\n\n\n<p><\/p>\n\n\n<div class=\"wp-block-image\">\n<figure class=\"aligncenter size-large\"><img loading=\"lazy\" decoding=\"async\" width=\"1024\" height=\"713\" src=\"https:\/\/naturopause.fr\/wp-content\/uploads\/2025\/12\/photo-cabinet-noel-2025-1024x713.jpg\" alt=\"\" class=\"wp-image-1437\" srcset=\"https:\/\/naturopause.fr\/wp-content\/uploads\/2025\/12\/photo-cabinet-noel-2025-1024x713.jpg 1024w, https:\/\/naturopause.fr\/wp-content\/uploads\/2025\/12\/photo-cabinet-noel-2025-300x209.jpg 300w, https:\/\/naturopause.fr\/wp-content\/uploads\/2025\/12\/photo-cabinet-noel-2025-768x535.jpg 768w, https:\/\/naturopause.fr\/wp-content\/uploads\/2025\/12\/photo-cabinet-noel-2025-1536x1070.jpg 1536w, https:\/\/naturopause.fr\/wp-content\/uploads\/2025\/12\/photo-cabinet-noel-2025-640x446.jpg 640w, https:\/\/naturopause.fr\/wp-content\/uploads\/2025\/12\/photo-cabinet-noel-2025.jpg 2048w\" sizes=\"(max-width: 1024px) 100vw, 1024px\" \/><\/figure><\/div>\n\n<div class=\"wp-block-image\">\n<figure class=\"aligncenter size-large\"><img loading=\"lazy\" decoding=\"async\" width=\"1024\" height=\"768\" src=\"https:\/\/naturopause.fr\/wp-content\/uploads\/2025\/12\/photo-cabinet-canape-1024x768.jpg\" alt=\"\" class=\"wp-image-1438\" srcset=\"https:\/\/naturopause.fr\/wp-content\/uploads\/2025\/12\/photo-cabinet-canape-1024x768.jpg 1024w, https:\/\/naturopause.fr\/wp-content\/uploads\/2025\/12\/photo-cabinet-canape-300x225.jpg 300w, https:\/\/naturopause.fr\/wp-content\/uploads\/2025\/12\/photo-cabinet-canape-768x576.jpg 768w, https:\/\/naturopause.fr\/wp-content\/uploads\/2025\/12\/photo-cabinet-canape-1536x1152.jpg 1536w, https:\/\/naturopause.fr\/wp-content\/uploads\/2025\/12\/photo-cabinet-canape-640x480.jpg 640w, https:\/\/naturopause.fr\/wp-content\/uploads\/2025\/12\/photo-cabinet-canape.jpg 2048w\" sizes=\"(max-width: 1024px) 100vw, 1024px\" \/><\/figure><\/div>\n\n\n<p class=\"has-text-align-center has-text-color has-medium-font-size\" style=\"color:#2600a3\">Au plaisir de pouvoir vous rencontrer, <\/p>\n\n\n\n<p class=\"has-text-align-center has-text-color has-medium-font-size\" style=\"color:#2f00a3\">Marie-Christine Lebrun<\/p>\n\n\n\n<pre class=\"wp-block-verse\"> Les  informations pr\u00e9sent\u00e9es sur ce site Web sont exclusivement destin\u00e9es \u00e0  une information g\u00e9n\u00e9rale et \u00e0 des fins \u00e9ducatives et ne&nbsp;remplace pas&nbsp;les  conseils prodigu\u00e9s par un m\u00e9decin ou tout autre professionnel qualifi\u00e9  du secteur des soins de sant\u00e9. Aucun diagnostic ou avis m\u00e9dical ne sera  fourni par l'interm\u00e9diaire de ce site. Vous devez toujours consulter un  m\u00e9decin ou autre professionnel de la sant\u00e9<strong>.&nbsp;Il est important de demander un avis&nbsp;m\u00e9dical pr\u00e9cis<\/strong>&nbsp;pour  \u00e9viter de&nbsp;laisser se d\u00e9velopper une pathologie qui n\u00e9cessiterait&nbsp;des  soins adapt\u00e9s plus importants et\/ou plus urgents que l'auto-m\u00e9dication.<\/pre>\n\n\n\n<p>SIte <a rel=\"noreferrer noopener\" href=\"http:\/\/cnservices31.fr\" target=\"_blank\">Cnservices31<\/a><\/p>\n","protected":false},"excerpt":{"rendered":"<p>Je suis ravie de pouvoir vous recevoir dans mon tout nouveau cabinet,\u00a0 et\u00a0 vous proposer des massages douceurs , zen ou tonifiants ainsi que diff\u00e9rents\u00a0 soins de r\u00e9flexologies plantaires , &#8230; Naturopathe dipl\u00f4m\u00e9e, je saurais vous conseiller en r\u00e9forme alimentaire, en phytoth\u00e9rapie,\u00a0 aromath\u00e9rapie, oligoth\u00e9rapie&#8230;\u00a0&#8230;<\/p>\n","protected":false},"author":1,"featured_media":0,"parent":0,"menu_order":0,"comment_status":"closed","ping_status":"closed","template":"","meta":{"footnotes":""},"_links":{"self":[{"href":"https:\/\/naturopause.fr\/index.php\/wp-json\/wp\/v2\/pages\/14"}],"collection":[{"href":"https:\/\/naturopause.fr\/index.php\/wp-json\/wp\/v2\/pages"}],"about":[{"href":"https:\/\/naturopause.fr\/index.php\/wp-json\/wp\/v2\/types\/page"}],"author":[{"embeddable":true,"href":"https:\/\/naturopause.fr\/index.php\/wp-json\/wp\/v2\/users\/1"}],"replies":[{"embeddable":true,"href":"https:\/\/naturopause.fr\/index.php\/wp-json\/wp\/v2\/comments?post=14"}],"version-history":[{"count":32,"href":"https:\/\/naturopause.fr\/index.php\/wp-json\/wp\/v2\/pages\/14\/revisions"}],"predecessor-version":[{"id":1442,"href":"https:\/\/naturopause.fr\/index.php\/wp-json\/wp\/v2\/pages\/14\/revisions\/1442"}],"wp:attachment":[{"href":"https:\/\/naturopause.fr\/index.php\/wp-json\/wp\/v2\/media?parent=14"}],"curies":[{"name":"wp","href":"https:\/\/api.w.org\/{rel}","templated":true}]}}