{"id":1222,"date":"2024-03-15T17:39:06","date_gmt":"2024-03-15T16:39:06","guid":{"rendered":"http:\/\/naturopause.fr\/?page_id=1222"},"modified":"2024-03-15T17:39:06","modified_gmt":"2024-03-15T16:39:06","slug":"le-zenitude","status":"publish","type":"page","link":"https:\/\/naturopause.fr\/index.php\/le-zenitude\/","title":{"rendered":"\u00ab\u00a0Le z\u00e9nitude\u00a0\u00bb"},"content":{"rendered":"\n<p>Une combinaison de 30 minutes de r\u00e9flexologie plantaire et de 20 minutes de massage de diff\u00e9rents points du visage , du cr\u00e2ne et des \u00e9paules et des cervicales pour allier d\u00e9tente et soin.<\/p>\n\n\n\n<p>Il apaise le syst\u00e8me nerveux et permet ainsi l\u02bcobtention d\u02bcun \u00e9tat de relaxation et de bien \u00eatre absolu.<\/p>\n\n\n\n<p><strong>Temps de soin : 50 minutes (pr\u00e9voir 1h) 45\u20ac<\/strong><\/p>\n\n\n<div class=\"wp-block-image\">\n<figure class=\"aligncenter size-full\"><img loading=\"lazy\" decoding=\"async\" width=\"622\" height=\"462\" src=\"http:\/\/naturopause.fr\/wp-content\/uploads\/2024\/03\/page2_02.jpg\" alt=\"\" class=\"wp-image-1224\" srcset=\"https:\/\/naturopause.fr\/wp-content\/uploads\/2024\/03\/page2_02.jpg 622w, https:\/\/naturopause.fr\/wp-content\/uploads\/2024\/03\/page2_02-300x223.jpg 300w, https:\/\/naturopause.fr\/wp-content\/uploads\/2024\/03\/page2_02-600x446.jpg 600w, https:\/\/naturopause.fr\/wp-content\/uploads\/2024\/03\/page2_02-121x90.jpg 121w\" sizes=\"(max-width: 622px) 100vw, 622px\" \/><\/figure><\/div>","protected":false},"excerpt":{"rendered":"<p>Une combinaison de 30 minutes de r\u00e9flexologie plantaire et de 20 minutes de massage de diff\u00e9rents points du visage , du cr\u00e2ne et des \u00e9paules et des cervicales pour allier d\u00e9tente et soin. Il apaise le syst\u00e8me nerveux et permet ainsi l\u02bcobtention d\u02bcun \u00e9tat&#8230;<\/p>\n","protected":false},"author":1,"featured_media":0,"parent":0,"menu_order":0,"comment_status":"closed","ping_status":"closed","template":"","meta":{"footnotes":""},"_links":{"self":[{"href":"https:\/\/naturopause.fr\/index.php\/wp-json\/wp\/v2\/pages\/1222"}],"collection":[{"href":"https:\/\/naturopause.fr\/index.php\/wp-json\/wp\/v2\/pages"}],"about":[{"href":"https:\/\/naturopause.fr\/index.php\/wp-json\/wp\/v2\/types\/page"}],"author":[{"embeddable":true,"href":"https:\/\/naturopause.fr\/index.php\/wp-json\/wp\/v2\/users\/1"}],"replies":[{"embeddable":true,"href":"https:\/\/naturopause.fr\/index.php\/wp-json\/wp\/v2\/comments?post=1222"}],"version-history":[{"count":2,"href":"https:\/\/naturopause.fr\/index.php\/wp-json\/wp\/v2\/pages\/1222\/revisions"}],"predecessor-version":[{"id":1227,"href":"https:\/\/naturopause.fr\/index.php\/wp-json\/wp\/v2\/pages\/1222\/revisions\/1227"}],"wp:attachment":[{"href":"https:\/\/naturopause.fr\/index.php\/wp-json\/wp\/v2\/media?parent=1222"}],"curies":[{"name":"wp","href":"https:\/\/api.w.org\/{rel}","templated":true}]}}