{"id":1218,"date":"2024-03-15T17:34:23","date_gmt":"2024-03-15T16:34:23","guid":{"rendered":"http:\/\/naturopause.fr\/?page_id=1218"},"modified":"2024-03-15T17:34:23","modified_gmt":"2024-03-15T16:34:23","slug":"la-petite-etoile","status":"publish","type":"page","link":"https:\/\/naturopause.fr\/index.php\/la-petite-etoile\/","title":{"rendered":"La \u00ab\u00a0Petite \u00e9toile\u00a0\u00bb"},"content":{"rendered":"\n<div class=\"wp-block-media-text alignwide is-stacked-on-mobile\"><figure class=\"wp-block-media-text__media\"><img loading=\"lazy\" decoding=\"async\" width=\"450\" height=\"300\" src=\"http:\/\/naturopause.fr\/wp-content\/uploads\/2024\/03\/les-affections-soignees-par-la-reflexologie-l-appareil-respiratoire.jpg\" alt=\"\" class=\"wp-image-1219 size-full\" srcset=\"https:\/\/naturopause.fr\/wp-content\/uploads\/2024\/03\/les-affections-soignees-par-la-reflexologie-l-appareil-respiratoire.jpg 450w, https:\/\/naturopause.fr\/wp-content\/uploads\/2024\/03\/les-affections-soignees-par-la-reflexologie-l-appareil-respiratoire-300x200.jpg 300w, https:\/\/naturopause.fr\/wp-content\/uploads\/2024\/03\/les-affections-soignees-par-la-reflexologie-l-appareil-respiratoire-135x90.jpg 135w\" sizes=\"(max-width: 450px) 100vw, 450px\" \/><\/figure><div class=\"wp-block-media-text__content\">\n<p><\/p>\n<\/div><\/div>\n\n\n\n<p>R\u00e9flexologie plantaire de 25 minutes + modelage des mains et des bras + massage du cou, du cr\u00e2ne et du visage.&nbsp;&nbsp;<\/p>\n\n\n\n<p>Le massage des bras et des mains&nbsp;combine de&nbsp;longs&nbsp;<strong>effleurages<\/strong>, des <strong>frictions<\/strong>, des <strong>p\u00e9trissages<\/strong> ainsi que des <strong>points de pression.<\/strong> Ce massage aide au rel\u00e2chement des tensions en apportant un sentiment de bien-\u00eatre et de l\u00e9g\u00e8ret\u00e9.<\/p>\n\n\n\n<p>&nbsp;<strong>Temps de soin : 60 minutes &#8211; 50\u20ac<\/strong><\/p>\n","protected":false},"excerpt":{"rendered":"<p>R\u00e9flexologie plantaire de 25 minutes + modelage des mains et des bras + massage du cou, du cr\u00e2ne et du visage.&nbsp;&nbsp; Le massage des bras et des mains&nbsp;combine de&nbsp;longs&nbsp;effleurages, des frictions, des p\u00e9trissages ainsi que des points de pression. Ce massage aide au rel\u00e2chement&#8230;<\/p>\n","protected":false},"author":1,"featured_media":0,"parent":0,"menu_order":0,"comment_status":"closed","ping_status":"closed","template":"","meta":{"footnotes":""},"_links":{"self":[{"href":"https:\/\/naturopause.fr\/index.php\/wp-json\/wp\/v2\/pages\/1218"}],"collection":[{"href":"https:\/\/naturopause.fr\/index.php\/wp-json\/wp\/v2\/pages"}],"about":[{"href":"https:\/\/naturopause.fr\/index.php\/wp-json\/wp\/v2\/types\/page"}],"author":[{"embeddable":true,"href":"https:\/\/naturopause.fr\/index.php\/wp-json\/wp\/v2\/users\/1"}],"replies":[{"embeddable":true,"href":"https:\/\/naturopause.fr\/index.php\/wp-json\/wp\/v2\/comments?post=1218"}],"version-history":[{"count":1,"href":"https:\/\/naturopause.fr\/index.php\/wp-json\/wp\/v2\/pages\/1218\/revisions"}],"predecessor-version":[{"id":1221,"href":"https:\/\/naturopause.fr\/index.php\/wp-json\/wp\/v2\/pages\/1218\/revisions\/1221"}],"wp:attachment":[{"href":"https:\/\/naturopause.fr\/index.php\/wp-json\/wp\/v2\/media?parent=1218"}],"curies":[{"name":"wp","href":"https:\/\/api.w.org\/{rel}","templated":true}]}}