{"id":1213,"date":"2024-03-15T17:33:21","date_gmt":"2024-03-15T16:33:21","guid":{"rendered":"http:\/\/naturopause.fr\/?page_id=1213"},"modified":"2024-03-15T17:33:21","modified_gmt":"2024-03-15T16:33:21","slug":"le-doscile","status":"publish","type":"page","link":"https:\/\/naturopause.fr\/index.php\/le-doscile\/","title":{"rendered":"Le \u00ab\u00a0Do(s)cile\u00a0\u00bb"},"content":{"rendered":"\n<div class=\"wp-block-media-text alignwide is-stacked-on-mobile\"><figure class=\"wp-block-media-text__media\"><img loading=\"lazy\" decoding=\"async\" width=\"255\" height=\"198\" src=\"http:\/\/naturopause.fr\/wp-content\/uploads\/2024\/03\/images9RUB75MV.jpg\" alt=\"\" class=\"wp-image-1214 size-full\" srcset=\"https:\/\/naturopause.fr\/wp-content\/uploads\/2024\/03\/images9RUB75MV.jpg 255w, https:\/\/naturopause.fr\/wp-content\/uploads\/2024\/03\/images9RUB75MV-116x90.jpg 116w\" sizes=\"(max-width: 255px) 100vw, 255px\" \/><\/figure><div class=\"wp-block-media-text__content\">\n<p class=\"has-large-font-size\"><strong>Le dos est expos\u00e9 au stress, les tensions s&rsquo;accumulent\u2026<\/strong><\/p>\n<\/div><\/div>\n\n\n\n<p>Il n\u00e9cessite donc une attention toute particuli\u00e8re.<\/p>\n\n\n\n<p>Massage personnalis\u00e9 en fonction de vos tensions : dos, trap\u00e8zes, nuque, \u00e9paules, cr\u00e2ne, visage,&#8230;..<\/p>\n\n\n\n<p>Id\u00e9al pour faire dispara\u00eetre les tensions dorsales, retrouver souplesse, tonicit\u00e9, et \u00e9lasticit\u00e9.<\/p>\n\n\n\n<p><strong>Temps de soin&nbsp; 50 minutes environ (pr\u00e9voir &nbsp;1&nbsp;h ) 50\u20ac<\/strong><\/p>\n","protected":false},"excerpt":{"rendered":"<p>Le dos est expos\u00e9 au stress, les tensions s&rsquo;accumulent\u2026 Il n\u00e9cessite donc une attention toute particuli\u00e8re. Massage personnalis\u00e9 en fonction de vos tensions : dos, trap\u00e8zes, nuque, \u00e9paules, cr\u00e2ne, visage,&#8230;.. Id\u00e9al pour faire dispara\u00eetre les tensions dorsales, retrouver souplesse, tonicit\u00e9, et \u00e9lasticit\u00e9. Temps de&#8230;<\/p>\n","protected":false},"author":1,"featured_media":0,"parent":0,"menu_order":0,"comment_status":"closed","ping_status":"closed","template":"","meta":{"footnotes":""},"_links":{"self":[{"href":"https:\/\/naturopause.fr\/index.php\/wp-json\/wp\/v2\/pages\/1213"}],"collection":[{"href":"https:\/\/naturopause.fr\/index.php\/wp-json\/wp\/v2\/pages"}],"about":[{"href":"https:\/\/naturopause.fr\/index.php\/wp-json\/wp\/v2\/types\/page"}],"author":[{"embeddable":true,"href":"https:\/\/naturopause.fr\/index.php\/wp-json\/wp\/v2\/users\/1"}],"replies":[{"embeddable":true,"href":"https:\/\/naturopause.fr\/index.php\/wp-json\/wp\/v2\/comments?post=1213"}],"version-history":[{"count":2,"href":"https:\/\/naturopause.fr\/index.php\/wp-json\/wp\/v2\/pages\/1213\/revisions"}],"predecessor-version":[{"id":1217,"href":"https:\/\/naturopause.fr\/index.php\/wp-json\/wp\/v2\/pages\/1213\/revisions\/1217"}],"wp:attachment":[{"href":"https:\/\/naturopause.fr\/index.php\/wp-json\/wp\/v2\/media?parent=1213"}],"curies":[{"name":"wp","href":"https:\/\/api.w.org\/{rel}","templated":true}]}}