{"id":1209,"date":"2024-03-15T17:31:32","date_gmt":"2024-03-15T16:31:32","guid":{"rendered":"http:\/\/naturopause.fr\/?page_id=1209"},"modified":"2024-03-15T17:31:32","modified_gmt":"2024-03-15T16:31:32","slug":"lenvoutant","status":"publish","type":"page","link":"https:\/\/naturopause.fr\/index.php\/lenvoutant\/","title":{"rendered":"\u00ab\u00a0L&rsquo;Envoutant\u00a0\u00bb"},"content":{"rendered":"\n<div class=\"wp-block-media-text alignwide is-stacked-on-mobile\"><figure class=\"wp-block-media-text__media\"><img loading=\"lazy\" decoding=\"async\" width=\"275\" height=\"183\" src=\"http:\/\/naturopause.fr\/wp-content\/uploads\/2024\/03\/imagesAQ9S5J2T.jpg\" alt=\"\" class=\"wp-image-1210 size-full\" srcset=\"https:\/\/naturopause.fr\/wp-content\/uploads\/2024\/03\/imagesAQ9S5J2T.jpg 275w, https:\/\/naturopause.fr\/wp-content\/uploads\/2024\/03\/imagesAQ9S5J2T-135x90.jpg 135w\" sizes=\"(max-width: 275px) 100vw, 275px\" \/><\/figure><div class=\"wp-block-media-text__content\">\n<p class=\"has-large-font-size\">Harmonisation de tout le corps , des doigts de pieds \u00e0 la t\u00eate !<\/p>\n<\/div><\/div>\n\n\n\n<p><\/p>\n\n\n\n<p>Ses longs mouvements fluides et enveloppants, aux rythmes variables agissent ainsi&nbsp; sur plusieurs niveaux :&nbsp; le corps, l&rsquo;esprit et les \u00e9motions.&nbsp;<\/p>\n\n\n\n<p>Ce massage de relaxation par excellence, facilite l&rsquo;\u00e9limination des \u00e9tats de stress et favorise une meilleure acceptation de son corps gr\u00e2ce aux huiles essentielles .<\/p>\n\n\n\n<p><strong>C&rsquo;est un massage profond,&nbsp; tr\u00e8s enveloppant, puissant, d\u00e9toxinant&nbsp;,&nbsp;\u00e9nerg\u00e9tique et doux \u00e0 la fois.<\/strong><\/p>\n\n\n\n<p><strong>Temps de soin&nbsp;&nbsp;1h30 &nbsp;minutes environ, (pr\u00e9voir 2h) &#8211; 80\u20ac<\/strong><\/p>\n\n\n\n<p><em>*pr\u00e9voir un maillot de bain 2 pi\u00e8ces ou &nbsp;un sous v\u00eatement style \u00ab\u00a0string\u00a0\u00bb ainsi que des v\u00eatements amples( jogging) pour apr\u00e8s le soin.<\/em><\/p>\n","protected":false},"excerpt":{"rendered":"<p>Harmonisation de tout le corps , des doigts de pieds \u00e0 la t\u00eate ! Ses longs mouvements fluides et enveloppants, aux rythmes variables agissent ainsi&nbsp; sur plusieurs niveaux :&nbsp; le corps, l&rsquo;esprit et les \u00e9motions.&nbsp; Ce massage de relaxation par excellence, facilite l&rsquo;\u00e9limination des&#8230;<\/p>\n","protected":false},"author":1,"featured_media":0,"parent":0,"menu_order":0,"comment_status":"closed","ping_status":"closed","template":"","meta":{"footnotes":""},"_links":{"self":[{"href":"https:\/\/naturopause.fr\/index.php\/wp-json\/wp\/v2\/pages\/1209"}],"collection":[{"href":"https:\/\/naturopause.fr\/index.php\/wp-json\/wp\/v2\/pages"}],"about":[{"href":"https:\/\/naturopause.fr\/index.php\/wp-json\/wp\/v2\/types\/page"}],"author":[{"embeddable":true,"href":"https:\/\/naturopause.fr\/index.php\/wp-json\/wp\/v2\/users\/1"}],"replies":[{"embeddable":true,"href":"https:\/\/naturopause.fr\/index.php\/wp-json\/wp\/v2\/comments?post=1209"}],"version-history":[{"count":1,"href":"https:\/\/naturopause.fr\/index.php\/wp-json\/wp\/v2\/pages\/1209\/revisions"}],"predecessor-version":[{"id":1211,"href":"https:\/\/naturopause.fr\/index.php\/wp-json\/wp\/v2\/pages\/1209\/revisions\/1211"}],"wp:attachment":[{"href":"https:\/\/naturopause.fr\/index.php\/wp-json\/wp\/v2\/media?parent=1209"}],"curies":[{"name":"wp","href":"https:\/\/api.w.org\/{rel}","templated":true}]}}