{"id":1123,"date":"2024-01-17T13:52:32","date_gmt":"2024-01-17T12:52:32","guid":{"rendered":"http:\/\/naturopause.fr\/?page_id=1123"},"modified":"2024-01-17T17:02:23","modified_gmt":"2024-01-17T16:02:23","slug":"les-mini-ateliers","status":"publish","type":"page","link":"https:\/\/naturopause.fr\/index.php\/les-mini-ateliers\/","title":{"rendered":"Les mini ateliers :"},"content":{"rendered":"\n<p class=\"has-medium-font-size\"> <strong>D\u00e9tox et bonnes r\u00e9solutions <\/strong>: Samedi 27 janvier 2024 <\/p>\n\n\n\n<ul>\n<li>Lib\u00e9rez votre organisme de ses toxines et redonnez tonus et \u00e9nergie \u00e0 votre corps !<\/li>\n\n\n\n<li>Quelles bonnes r\u00e9solutions avez vous prises? comment arriver \u00e0 les tenir? &#8230;.<\/li>\n<\/ul>\n\n\n\n<p>=&gt; ce que vous allez apprendre :<\/p>\n\n\n\n<ul>\n<li>Qu&rsquo;est ce que sont les toxines ? la tox\u00e9mie ?<\/li>\n\n\n\n<li>qu&rsquo;est ce que  les \u00e9monctoires ? <\/li>\n\n\n\n<li>Comment savoir s&rsquo;il me faut une d\u00e9tox ?<\/li>\n\n\n\n<li>d\u00e9couvertes de plusieurs plantes magiques drainantes pour votre corps <\/li>\n\n\n\n<li>d\u00e9gustations \u00e0 la pause d&rsquo; un \u00e9lixir d\u00e9tox ( possibilit\u00e9 de vous l&rsquo;offrir \u00e0 un prix avantageux durant cet atelier uniquement  !!)<\/li>\n\n\n\n<li>Quelle sont les vraies bonnes r\u00e9solutions et surtout comment les faire durer dans le temps <\/li>\n<\/ul>\n\n\n\n<p><strong>Offert :<\/strong> une semaine de menu d\u00e9tox ; tisane d\u00e9tox et collation \u00e0 la pause<\/p>\n\n\n\n<p>De 9h30 \u00e0 11h30 tarif : 15 \u20ac<\/p>\n\n\n<div class=\"wp-block-image\">\n<figure class=\"aligncenter size-full\"><img loading=\"lazy\" decoding=\"async\" width=\"641\" height=\"589\" src=\"http:\/\/naturopause.fr\/wp-content\/uploads\/2024\/01\/illustration_detox_pour_nuls.png\" alt=\"\" class=\"wp-image-1125\" srcset=\"https:\/\/naturopause.fr\/wp-content\/uploads\/2024\/01\/illustration_detox_pour_nuls.png 641w, https:\/\/naturopause.fr\/wp-content\/uploads\/2024\/01\/illustration_detox_pour_nuls-300x276.png 300w, https:\/\/naturopause.fr\/wp-content\/uploads\/2024\/01\/illustration_detox_pour_nuls-600x551.png 600w, https:\/\/naturopause.fr\/wp-content\/uploads\/2024\/01\/illustration_detox_pour_nuls-98x90.png 98w\" sizes=\"(max-width: 641px) 100vw, 641px\" \/><\/figure><\/div>\n\n\n<p class=\"has-medium-font-size\"><strong>La respiration :<\/strong> samedi 24 f\u00e9vrier <\/p>\n\n\n\n<p>3 minutes ! c&rsquo;est le temps maximum que vous pouvez tenir sans respirer !!<\/p>\n\n\n\n<p>Je vous propose de faire connaissance avec votre respiration :<\/p>\n\n\n\n<ul>\n<li>Apprendre un peu comment \u00e7a fonctionne : les 4 grandes \u00e9tapes et les 3 fonctions<\/li>\n\n\n\n<li>Les 3 types de respiration : abdominale, thoracique et apicale <\/li>\n\n\n\n<li>La respiration cellulaire : qu&rsquo;est ce donc ?<\/li>\n\n\n\n<li>D\u00e9couvrir des techniques de respiration avec des petits exercices ( coh\u00e9rence cardiaque)<\/li>\n\n\n\n<li>apn\u00e9e du sommeil<\/li>\n<\/ul>\n\n\n\n<p>Et bien sur , je vous pr\u00e9senterez les plantes en phytoth\u00e9rapie et en aromath\u00e9rapie pour respirer \u00e0 plein poumons<\/p>\n\n\n\n<p><strong>Offert :<\/strong> un mini flacon d&rsquo;huiles essentielles respiratoire et collation \u00e0 la pause<\/p>\n\n\n\n<p>De 9h30 \u00e0 11h30 tarif : 15 \u20ac<\/p>\n\n\n<div class=\"wp-block-image\">\n<figure class=\"aligncenter size-full is-resized\"><img loading=\"lazy\" decoding=\"async\" src=\"http:\/\/naturopause.fr\/wp-content\/uploads\/2024\/01\/Respiration-diaphragmatique-fr-1-1024x764-1.png\" alt=\"\" class=\"wp-image-1135\" width=\"789\" height=\"588\" srcset=\"https:\/\/naturopause.fr\/wp-content\/uploads\/2024\/01\/Respiration-diaphragmatique-fr-1-1024x764-1.png 1024w, https:\/\/naturopause.fr\/wp-content\/uploads\/2024\/01\/Respiration-diaphragmatique-fr-1-1024x764-1-300x224.png 300w, https:\/\/naturopause.fr\/wp-content\/uploads\/2024\/01\/Respiration-diaphragmatique-fr-1-1024x764-1-768x573.png 768w, https:\/\/naturopause.fr\/wp-content\/uploads\/2024\/01\/Respiration-diaphragmatique-fr-1-1024x764-1-640x478.png 640w, https:\/\/naturopause.fr\/wp-content\/uploads\/2024\/01\/Respiration-diaphragmatique-fr-1-1024x764-1-600x448.png 600w, https:\/\/naturopause.fr\/wp-content\/uploads\/2024\/01\/Respiration-diaphragmatique-fr-1-1024x764-1-121x90.png 121w\" sizes=\"(max-width: 789px) 100vw, 789px\" \/><\/figure><\/div>\n\n\n<p> <\/p>\n\n\n\n<p><\/p>\n\n\n\n<p><\/p>\n","protected":false},"excerpt":{"rendered":"<p>D\u00e9tox et bonnes r\u00e9solutions : Samedi 27 janvier 2024 =&gt; ce que vous allez apprendre : Offert : une semaine de menu d\u00e9tox ; tisane d\u00e9tox et collation \u00e0 la pause De 9h30 \u00e0 11h30 tarif : 15 \u20ac La respiration : samedi 24&#8230;<\/p>\n","protected":false},"author":1,"featured_media":0,"parent":0,"menu_order":0,"comment_status":"closed","ping_status":"closed","template":"","meta":{"footnotes":""},"_links":{"self":[{"href":"https:\/\/naturopause.fr\/index.php\/wp-json\/wp\/v2\/pages\/1123"}],"collection":[{"href":"https:\/\/naturopause.fr\/index.php\/wp-json\/wp\/v2\/pages"}],"about":[{"href":"https:\/\/naturopause.fr\/index.php\/wp-json\/wp\/v2\/types\/page"}],"author":[{"embeddable":true,"href":"https:\/\/naturopause.fr\/index.php\/wp-json\/wp\/v2\/users\/1"}],"replies":[{"embeddable":true,"href":"https:\/\/naturopause.fr\/index.php\/wp-json\/wp\/v2\/comments?post=1123"}],"version-history":[{"count":6,"href":"https:\/\/naturopause.fr\/index.php\/wp-json\/wp\/v2\/pages\/1123\/revisions"}],"predecessor-version":[{"id":1140,"href":"https:\/\/naturopause.fr\/index.php\/wp-json\/wp\/v2\/pages\/1123\/revisions\/1140"}],"wp:attachment":[{"href":"https:\/\/naturopause.fr\/index.php\/wp-json\/wp\/v2\/media?parent=1123"}],"curies":[{"name":"wp","href":"https:\/\/api.w.org\/{rel}","templated":true}]}}