{"id":112,"date":"2019-05-31T17:33:52","date_gmt":"2019-05-31T15:33:52","guid":{"rendered":"http:\/\/naturopause.fr\/?page_id=112"},"modified":"2020-06-01T10:14:00","modified_gmt":"2020-06-01T08:14:00","slug":"consultation-et-tarifs","status":"publish","type":"page","link":"https:\/\/naturopause.fr\/index.php\/consultation-et-tarifs\/","title":{"rendered":"La  Naturopathie"},"content":{"rendered":"\n<h1 class=\"wp-block-heading\">Votre corps vous parle avec ses maux (mots) , apprenez \u00e0 l&rsquo;\u00e9couter &#8230;<\/h1>\n\n\n\n<div class=\"wp-block-image\"><figure class=\"aligncenter is-resized\"><img loading=\"lazy\" decoding=\"async\" src=\"http:\/\/naturopause.fr\/wp-content\/uploads\/2019\/12\/15380682_1171122572970004_361666474412575435_n.jpg\" alt=\"\" class=\"wp-image-438\" width=\"375\" height=\"375\" srcset=\"https:\/\/naturopause.fr\/wp-content\/uploads\/2019\/12\/15380682_1171122572970004_361666474412575435_n.jpg 480w, https:\/\/naturopause.fr\/wp-content\/uploads\/2019\/12\/15380682_1171122572970004_361666474412575435_n-300x300.jpg 300w, https:\/\/naturopause.fr\/wp-content\/uploads\/2019\/12\/15380682_1171122572970004_361666474412575435_n-100x100.jpg 100w, https:\/\/naturopause.fr\/wp-content\/uploads\/2019\/12\/15380682_1171122572970004_361666474412575435_n-150x150.jpg 150w\" sizes=\"(max-width: 375px) 100vw, 375px\" \/><\/figure><\/div>\n\n\n\n<p style=\"background-color:#4de29f;text-align:center\" class=\"has-background has-medium-font-size\"><strong>La naturopathie est la synth\u00e8se de plusieurs\u00a0m\u00e9thodes naturelles  qui aborde la sant\u00e9 et la gu\u00e9rison d\u2019une fa\u00e7on globale en respectant  l\u2019int\u00e9gralit\u00e9 de la personne et l\u2019ensemble des forces que son corps  poss\u00e8de<\/strong>.<\/p>\n\n\n\n<p>   <\/p>\n\n\n\n<p style=\"color:#340d87\" class=\"has-text-color\">Le mot est d\u2019origine am\u00e9ricaine, Nature + Path (chemin)\u00a0:  \u00a0\u00ab\u00a0Suivre la voie de la nature \u00ab\u00a0<\/p>\n\n\n\n<p>Le naturopathe ne cherche pas \u00e0 soigner un sympt\u00f4me mais plut\u00f4t <strong>\u00e0 identifier et \u00e0 comprendre les causes<\/strong> susjacentes d&rsquo;une pathologie.<\/p>\n\n\n\n<ul><li>Il per\u00e7oit l&rsquo;individu dans sa globalit\u00e9, et peut l&rsquo;aider \u00e0 \u00e9couter son corps et \u00e0 cesser les mauvaises habitudes de vie !<\/li><\/ul>\n\n\n\n<ul><li><strong>Le r\u00e9tablissement de l&rsquo;\u00e9quilibre naturel ne peut se faire qu&rsquo;en traitant les causes qui sont \u00e0 l\u2019origine de ce d\u00e9s\u00e9quilibre.<\/strong><\/li><\/ul>\n\n\n\n<p style=\"text-align:center\" class=\"has-medium-font-size\"><strong>La  naturopathie s\u2019adresse donc \u00a0\u00e0 toute personne qui d\u00e9sire prendre sa  sant\u00e9 en main et qui en a assez d\u2019avoir des malaises sans comprendre  pourquoi.<\/strong><\/p>\n\n\n\n<div class=\"wp-block-media-text alignwide\"><figure class=\"wp-block-media-text__media\"><img loading=\"lazy\" decoding=\"async\" width=\"512\" height=\"406\" src=\"http:\/\/naturopause.fr\/wp-content\/uploads\/2020\/06\/prevention.jpg\" alt=\"\" class=\"wp-image-588\" srcset=\"https:\/\/naturopause.fr\/wp-content\/uploads\/2020\/06\/prevention.jpg 512w, https:\/\/naturopause.fr\/wp-content\/uploads\/2020\/06\/prevention-300x238.jpg 300w\" sizes=\"(max-width: 512px) 100vw, 512px\" \/><\/figure><div class=\"wp-block-media-text__content\">\n<p style=\"color:#481589;text-align:left\" class=\"has-text-color has-medium-font-size\"><strong>La pr\u00e9vention est la meilleure cure.<\/strong><\/p>\n<\/div><\/div>\n\n\n\n<p>*\u00a0<strong> D\u00e9sir de changement alimentaire\u00a0<\/strong>:  conseils personnalis\u00e9s en fonction de votre terrain, de vos besoins, de  vos \u00e9ventuelles intol\u00e9rances, dans le respect de vos go\u00fbts et de vos  rythme. <\/p>\n\n\n\n<p>* \u00a0Poids en insuffisance ou en exc\u00e8s<strong> <\/strong>: prise en charge globale pour un r\u00e9sultat durable.<\/p>\n\n\n\n<p>* &nbsp;<strong>Compulsions<\/strong> alimentaires, sevrages tabagique,&#8230;<\/p>\n\n\n\n<p><strong>*\u00a0Troubles chroniques divers\u00a0<\/strong>:   retrouver un \u00a0sommeil de qualit\u00e9, une  meilleure digestion, une r\u00e9sistance au stress, un \u00e9quilibre hormonal,  une meilleure m\u00e9moire, des articulations souples, etc.<\/p>\n\n\n\n<p><strong>*\u00a0 Baisse de tonus<\/strong> physique et \/ou psychique.<\/p>\n\n\n\n<p><strong>* Accompagnement sp\u00e9cifique<\/strong> : grossesse, m\u00e9nopause, examen, changement important dans votre vie.<\/p>\n\n\n\n<div class=\"wp-block-media-text alignwide\"><figure class=\"wp-block-media-text__media\"><img loading=\"lazy\" decoding=\"async\" width=\"521\" height=\"316\" src=\"http:\/\/naturopause.fr\/wp-content\/uploads\/2020\/06\/outil-naturo.jpg\" alt=\"\" class=\"wp-image-589\" srcset=\"https:\/\/naturopause.fr\/wp-content\/uploads\/2020\/06\/outil-naturo.jpg 521w, https:\/\/naturopause.fr\/wp-content\/uploads\/2020\/06\/outil-naturo-300x182.jpg 300w\" sizes=\"(max-width: 521px) 100vw, 521px\" \/><\/figure><div class=\"wp-block-media-text__content\">\n<p style=\"color:#3b12ac;text-align:center\" class=\"has-text-color has-medium-font-size\"><strong>Les outils du naturopathe:<\/strong><\/p>\n<\/div><\/div>\n\n\n\n<p>-Conseils en hygi\u00e8ne de vie<\/p>\n\n\n\n<p>-Di\u00e9t\u00e9tique et r\u00e9forme alimentaire<\/p>\n\n\n\n<p>&#8211; Phytoth\u00e9rapie : aromath\u00e9rapie et gemmoth\u00e9rapie<\/p>\n\n\n\n<p>&#8211; Fleurs du Dr Bach; olfactoth\u00e9rapie <\/p>\n\n\n\n<p>-Exercices respiratoires ; m\u00e9ditation<\/p>\n\n\n\n<p>-Nutrith\u00e9rapie: compl\u00e9ments alimentaires , bilan IOMET ; bilan Bionalys<\/p>\n\n\n\n<p>-Soins \u00e9nerg\u00e9tique: r\u00e9flexologie plantaire ; ost\u00e9ofluidique<\/p>\n\n\n\n<p>&#8211; Modelages drainant lymphatique et\/ou minceur ; massages bien\u00eatre <\/p>\n\n\n\n<figure class=\"wp-block-pullquote\"><blockquote><p><\/p><cite> Le naturopathe\u00a0ne  pr\u00e9tend pas gu\u00e9rir,\u00a0mais propose des solutions adapt\u00e9es \u00e0 chaque cas de  fa\u00e7on \u00e0 responsabiliser la personne et \u00e0 la rendre autonome.<br> \u00a0<br> <strong>La naturopathie ne se substitue en aucun cas<\/strong><br> <strong>\u00e0 la m\u00e9decine allopathique conventionnelle<\/strong><br> <strong>mais elle la compl\u00e9te.<\/strong> <\/cite><\/blockquote><\/figure>\n\n\n\n<!--nextpage-->\n\n\n\n<p><strong>On\n peut trouver deux origines \u00e9thymologiques au terme \u00ab&nbsp;Naturopathie&nbsp;\u00bb. La\n premi\u00e8re est donn\u00e9e par Scheel et Lust au d\u00e9but du 20\u00e8me si\u00e8cle qui le \nd\u00e9finissent gr\u00e2ce \u00e0 l\u2019anglais&nbsp;: \u00ab&nbsp;Nature\u2019s path&nbsp;\u00bb, le chemin de la \nNature. C\u2019est \u00e0 dire que, pour \u00eatre en bonne sant\u00e9, il faut suivre le \nchemin de la nature.<\/strong><\/p>\n\n\n\n<h5 class=\"wp-block-heading\"><strong>La\n seconde sera donn\u00e9e par P.V. Marchesseau, le p\u00e8re de la naturopathie en\n France qui, en 1935, interpr\u00e8te la particule \u00ab&nbsp;pathie&nbsp;\u00bb dans \nnaturopathie ou \u00ab&nbsp;pathe&nbsp;\u00bb dans naturopathe, comme \u00ab&nbsp;passion, ressenti&nbsp;\u00bb.<\/strong><\/h5>\n\n\n\n<figure class=\"wp-block-image\"><img loading=\"lazy\" decoding=\"async\" width=\"619\" height=\"385\" src=\"http:\/\/naturopause.fr\/wp-content\/uploads\/2020\/06\/Triangle-m\u00e9dical.png\" alt=\"\" class=\"wp-image-590\" srcset=\"https:\/\/naturopause.fr\/wp-content\/uploads\/2020\/06\/Triangle-m\u00e9dical.png 619w, https:\/\/naturopause.fr\/wp-content\/uploads\/2020\/06\/Triangle-m\u00e9dical-600x373.png 600w, https:\/\/naturopause.fr\/wp-content\/uploads\/2020\/06\/Triangle-m\u00e9dical-300x187.png 300w\" sizes=\"(max-width: 619px) 100vw, 619px\" \/><\/figure>\n\n\n\n<h5 class=\"wp-block-heading\">La Naturopathie, devient alors une m\u00e9decine qui se r\u00e9alise avec son c\u0153ur<strong>, en suivant son propre ressenti.<\/strong><\/h5>\n\n\n\n<p> En\u00a0France, aucune loi n\u2019encadre la profession, et son exercice est libre sous respect des conditions suivantes\u00a0: <\/p>\n\n\n\n<ul><li>  Pas d\u2019usurpation du titre de \u00ab\u00a0docteur en m\u00e9decine\u00a0\u00bb <\/li><li> Pas de diagnostique mais un \u00ab\u00a0bilan de vitalit\u00e9\u00a0\u00bb <\/li><li> Pas \u00ab\u00a0traitement de la maladie\u00a0\u00bb, Pr\u00e9vention et corrections de \u00ab\u00a0terrain\u00a0\u00bb <\/li><li> Pas d\u2019ing\u00e9rence dans un traitement m\u00e9dical en cours. <\/li><\/ul>\n\n\n\n<p style=\"background-color:#378b74;text-align:center\" class=\"has-background\"><strong>L\u2019on  peut donc d\u00e9finir le Praticien de Sant\u00e9 Naturopathe (PSN) comme un  \u00c9ducateur de sant\u00e9, dont le r\u00f4le est d\u2019optimiser l\u2019\u00e9tat de sant\u00e9 de  l\u2019individu qui d\u00e9cide de se prendre en charge. Si la maladie est  diagnostiqu\u00e9e par le m\u00e9decin allopathe, le PSN accompagne \u00e0 chaque fois  que c\u2019est possible le M\u00e9decin int\u00e9rieur si cher \u00e0 Hippocrate et qui  correspond aux processus naturels de r\u00e9g\u00e9n\u00e9rescence et d\u2019autogu\u00e9rison.<\/strong><\/p>\n","protected":false},"excerpt":{"rendered":"<p>Votre corps vous parle avec ses maux (mots) , apprenez \u00e0 l&rsquo;\u00e9couter &#8230; La naturopathie est la synth\u00e8se de plusieurs\u00a0m\u00e9thodes naturelles qui aborde la sant\u00e9 et la gu\u00e9rison d\u2019une fa\u00e7on globale en respectant l\u2019int\u00e9gralit\u00e9 de la personne et l\u2019ensemble des forces que son corps&#8230;<\/p>\n","protected":false},"author":1,"featured_media":98,"parent":0,"menu_order":0,"comment_status":"closed","ping_status":"closed","template":"","meta":{"footnotes":""},"_links":{"self":[{"href":"https:\/\/naturopause.fr\/index.php\/wp-json\/wp\/v2\/pages\/112"}],"collection":[{"href":"https:\/\/naturopause.fr\/index.php\/wp-json\/wp\/v2\/pages"}],"about":[{"href":"https:\/\/naturopause.fr\/index.php\/wp-json\/wp\/v2\/types\/page"}],"author":[{"embeddable":true,"href":"https:\/\/naturopause.fr\/index.php\/wp-json\/wp\/v2\/users\/1"}],"replies":[{"embeddable":true,"href":"https:\/\/naturopause.fr\/index.php\/wp-json\/wp\/v2\/comments?post=112"}],"version-history":[{"count":15,"href":"https:\/\/naturopause.fr\/index.php\/wp-json\/wp\/v2\/pages\/112\/revisions"}],"predecessor-version":[{"id":591,"href":"https:\/\/naturopause.fr\/index.php\/wp-json\/wp\/v2\/pages\/112\/revisions\/591"}],"wp:featuredmedia":[{"embeddable":true,"href":"https:\/\/naturopause.fr\/index.php\/wp-json\/wp\/v2\/media\/98"}],"wp:attachment":[{"href":"https:\/\/naturopause.fr\/index.php\/wp-json\/wp\/v2\/media?parent=112"}],"curies":[{"name":"wp","href":"https:\/\/api.w.org\/{rel}","templated":true}]}}