{"id":1096,"date":"2023-12-12T16:53:33","date_gmt":"2023-12-12T15:53:33","guid":{"rendered":"http:\/\/naturopause.fr\/?page_id=1096"},"modified":"2023-12-12T17:08:51","modified_gmt":"2023-12-12T16:08:51","slug":"jai-10-ans","status":"publish","type":"page","link":"https:\/\/naturopause.fr\/index.php\/jai-10-ans\/","title":{"rendered":"J&rsquo;ai 10 ans !!!"},"content":{"rendered":"<div class=\"wp-block-image\">\n<figure class=\"aligncenter size-large is-resized\"><img loading=\"lazy\" decoding=\"async\" src=\"http:\/\/naturopause.fr\/wp-content\/uploads\/2023\/12\/406142671_889454942858832_1002822851604105507_n-1024x768.jpg\" alt=\"\" class=\"wp-image-1097\" width=\"804\" height=\"603\" srcset=\"https:\/\/naturopause.fr\/wp-content\/uploads\/2023\/12\/406142671_889454942858832_1002822851604105507_n-1024x768.jpg 1024w, https:\/\/naturopause.fr\/wp-content\/uploads\/2023\/12\/406142671_889454942858832_1002822851604105507_n-300x225.jpg 300w, https:\/\/naturopause.fr\/wp-content\/uploads\/2023\/12\/406142671_889454942858832_1002822851604105507_n-768x576.jpg 768w, https:\/\/naturopause.fr\/wp-content\/uploads\/2023\/12\/406142671_889454942858832_1002822851604105507_n-1536x1152.jpg 1536w, https:\/\/naturopause.fr\/wp-content\/uploads\/2023\/12\/406142671_889454942858832_1002822851604105507_n-640x480.jpg 640w, https:\/\/naturopause.fr\/wp-content\/uploads\/2023\/12\/406142671_889454942858832_1002822851604105507_n-600x450.jpg 600w, https:\/\/naturopause.fr\/wp-content\/uploads\/2023\/12\/406142671_889454942858832_1002822851604105507_n-120x90.jpg 120w, https:\/\/naturopause.fr\/wp-content\/uploads\/2023\/12\/406142671_889454942858832_1002822851604105507_n.jpg 2016w\" sizes=\"(max-width: 804px) 100vw, 804px\" \/><\/figure><\/div>\n\n\n<p>Et oui j&rsquo;ai 10 ans !! 10 ann\u00e9es que j&rsquo;ai re\u00e7u mon dipl\u00f4me de Praticienne Naturopathe !<\/p>\n\n\n\n<p>10 ans que je suis des formations et des s\u00e9minaires : massage pour la femme enceinte, phytoth\u00e9rapie, r\u00e9flexologies, ost\u00e9ofluidique, hypnose, massages minceur et bien \u00eatre, etc afin \u00ab\u00a0de rester \u00e0 la page\u00a0\u00bb, et pour pouvoir vous aider au mieux.<\/p>\n\n\n\n<p>10 ann\u00e9es que vous m&rsquo;accordez votre confiance, &nbsp; MERCI&nbsp; <img loading=\"lazy\" decoding=\"async\" src=\"https:\/\/ci3.googleusercontent.com\/meips\/ADKq_NZUczuGljiLHfk-y6otyVnjTS92HUbMXuc5KfC-p4kWGqjxR6-TI24fl9DDL_J0pnyet19dFVEOYqu7RNaSY3fzfoD-35VJJztU9Z9EZVE=s0-d-e1-ft#https:\/\/fonts.gstatic.com\/s\/e\/notoemoji\/15.0\/1f49d\/32.png\" alt=\"?\" width=\"32\" height=\"32\"><\/p>\n\n\n\n<p>J&rsquo;ai re\u00e7u dans mon&nbsp; cabinet beaucoup de personnes de toutes tranches d&rsquo;\u00e2ges avec diverses pathologies;<\/p>\n\n\n\n<p>Certaines sont m\u00eame devenues des amies&#8230;, MERCI <img loading=\"lazy\" decoding=\"async\" src=\"https:\/\/ci3.googleusercontent.com\/meips\/ADKq_NZUczuGljiLHfk-y6otyVnjTS92HUbMXuc5KfC-p4kWGqjxR6-TI24fl9DDL_J0pnyet19dFVEOYqu7RNaSY3fzfoD-35VJJztU9Z9EZVE=s0-d-e1-ft#https:\/\/fonts.gstatic.com\/s\/e\/notoemoji\/15.0\/1f49d\/32.png\" alt=\"?\" width=\"32\" height=\"32\"><\/p>\n\n\n\n<p>Quand j&rsquo;ai d\u00e9m\u00e9nag\u00e9 au frechet,&nbsp; beaucoup d&rsquo;entre vous m&rsquo;ont suivi malgr\u00e9 les quelques kilom\u00e8tres en plus : MERCI <img loading=\"lazy\" decoding=\"async\" src=\"https:\/\/ci3.googleusercontent.com\/meips\/ADKq_NZUczuGljiLHfk-y6otyVnjTS92HUbMXuc5KfC-p4kWGqjxR6-TI24fl9DDL_J0pnyet19dFVEOYqu7RNaSY3fzfoD-35VJJztU9Z9EZVE=s0-d-e1-ft#https:\/\/fonts.gstatic.com\/s\/e\/notoemoji\/15.0\/1f49d\/32.png\" alt=\"?\" width=\"32\" height=\"32\"><\/p>\n\n\n\n<p>J&rsquo;ai suivi des parcours de vie, j&rsquo;ai vu grandir quelques enfants et se poser quelques rides sur des visages.<\/p>\n\n\n\n<p>J&rsquo;ai vu des personnes partir trop t\u00f4t &#8230;<\/p>\n\n\n\n<p>Et puis moi aussi j&rsquo;ai eu des \u00e9preuves de vie, mais j&rsquo;ai toujours gard\u00e9 la certitude que je suis \u00e0 ma place en vous proposant mes conseils et mes soins.<img loading=\"lazy\" decoding=\"async\" src=\"https:\/\/ci3.googleusercontent.com\/meips\/ADKq_NYo4zrUe12LH5LgQiniY6jB1EzSHjFyiqlb0BBrz8HFEcmXfE6h0f5Ovamgmf7bWqvpzEVAXqufFoWzm0KCkBkpy_KmDbdW4V3QTDJ-S8I=s0-d-e1-ft#https:\/\/fonts.gstatic.com\/s\/e\/notoemoji\/15.0\/1f970\/32.png\" alt=\"?\" width=\"32\" height=\"32\"><\/p>\n\n\n\n<p>Donc aujourd&rsquo;hui je souhaite c\u00e9l\u00e9brer cet anniversaire&nbsp; avec vous toutes et tous.<img loading=\"lazy\" decoding=\"async\" src=\"https:\/\/ci3.googleusercontent.com\/meips\/ADKq_Nb-Qm5SRDo5TQ-R04_oC_jHMxd4utIl4ZzpsuEbLY8YYuf7mOtjkrx-VuvDEBHc8NW5VS31E_6WWyDPAs8nanS-fj-nHnyJpQt37TTrOxs=s0-d-e1-ft#https:\/\/fonts.gstatic.com\/s\/e\/notoemoji\/15.0\/1f973\/32.png\" alt=\"?\" width=\"32\" height=\"32\"><\/p>\n\n\n\n<p>Vous&nbsp; qui avez&nbsp; marqu\u00e9 mon existence professionnelle et personnelle juste le temps d&rsquo;1h ou durant des ann\u00e9es.<\/p>\n\n\n\n<p><strong>Donc :<\/strong><\/p>\n\n\n\n<p><strong>Durant TOUT le mois de NOVEMBRE,<\/strong><\/p>\n\n\n\n<p>&nbsp;<strong>je vous offre -10\u20ac sur&nbsp; TOUS mes massages et la r\u00e9flexologie<\/strong><\/p>\n\n\n\n<p>&nbsp;<strong>et cela \u00e0 volont\u00e9 !<\/strong><\/p>\n\n\n\n<p><strong>Et ce n&rsquo;est pas tout :&nbsp;<\/strong> <strong>6 magnifiques lots \u00e0 remporter<\/strong>&nbsp; en participant \u00e0 mon tirage au sort :<\/p>\n\n\n\n<figure class=\"wp-block-image size-large\"><img loading=\"lazy\" decoding=\"async\" width=\"1024\" height=\"768\" src=\"http:\/\/naturopause.fr\/wp-content\/uploads\/2023\/12\/398284182_10224501754152425_5391532230343048712_n-1024x768.jpg\" alt=\"\" class=\"wp-image-1098\" srcset=\"https:\/\/naturopause.fr\/wp-content\/uploads\/2023\/12\/398284182_10224501754152425_5391532230343048712_n-1024x768.jpg 1024w, https:\/\/naturopause.fr\/wp-content\/uploads\/2023\/12\/398284182_10224501754152425_5391532230343048712_n-300x225.jpg 300w, https:\/\/naturopause.fr\/wp-content\/uploads\/2023\/12\/398284182_10224501754152425_5391532230343048712_n-768x576.jpg 768w, https:\/\/naturopause.fr\/wp-content\/uploads\/2023\/12\/398284182_10224501754152425_5391532230343048712_n-1536x1152.jpg 1536w, https:\/\/naturopause.fr\/wp-content\/uploads\/2023\/12\/398284182_10224501754152425_5391532230343048712_n-640x480.jpg 640w, https:\/\/naturopause.fr\/wp-content\/uploads\/2023\/12\/398284182_10224501754152425_5391532230343048712_n-600x450.jpg 600w, https:\/\/naturopause.fr\/wp-content\/uploads\/2023\/12\/398284182_10224501754152425_5391532230343048712_n-120x90.jpg 120w, https:\/\/naturopause.fr\/wp-content\/uploads\/2023\/12\/398284182_10224501754152425_5391532230343048712_n.jpg 2016w\" sizes=\"(max-width: 1024px) 100vw, 1024px\" \/><\/figure>\n\n\n\n<p>A chaque fois que vous venez en novembre , vous augmentez vos chances de gagner un des magnifiques prix ci-dessus !!!<\/p>\n\n\n\n<p>=&gt; offre valable du 1er novembre au 30 novembre inclus<\/p>\n\n\n\n<p>=&gt;Tirage au sort d\u00e9but d\u00e9cembre , j&rsquo;essaierai de faire un live zoom !!!<\/p>\n\n\n\n<p>=&gt; Vous pouvez cumuler vos chances de gagner en venant plusieurs fois en novembre :<\/p>\n\n\n\n<p>exemple : 1 massage \u00e0 -10\u20ac\/soin = 1 chance de gagner un lot&nbsp; ; 12 massages \u00e0 -10\u20ac\/soin = 12 chances de gagner un lot !!!!<\/p>\n\n\n\n<p>=&gt; 1 seul lot gagnant par personne<\/p>\n\n\n\n<p>=&gt; obligatoire : photos des gagnants pour mettre sur mon site <a href=\"http:\/\/naturopause.fr\/\" target=\"_blank\" rel=\"noreferrer noopener\">http:\/\/naturopause.fr\/<\/a><\/p>\n\n\n\n<p>alors \u00e0 vos t\u00e9l\u00e9phone pour prendre un rendez vous d\u00e9tente et bien \u00eatre<\/p>\n\n\n\n<p>ps : joyeux halloween !!!<\/p>\n\n\n\n<p>&#8212;&#8212;&#8212;&#8212;&#8212;&#8212;&#8212;&#8212;&#8212;&#8212;&#8212;&#8212;&#8212;&#8212;&#8212;&#8212;&#8212;&#8212;&#8212;&#8212;&#8212;&#8212;&#8212;&#8212;&#8212;&#8212;&#8212;&#8212;&#8212;&#8212;&#8212;&#8212;&#8212;&#8212;&#8212;&#8212;&#8212;&#8212;&#8212;&#8212;&#8212;&#8212;&#8212;-<\/p>\n\n\n\n<h3 class=\"has-x-large-font-size wp-block-heading\">Les r\u00e9sultats du tirage au sort : <\/h3>\n\n\n\n<div class=\"wp-block-media-text alignwide is-stacked-on-mobile is-vertically-aligned-center\"><figure class=\"wp-block-media-text__media\"><video controls src=\"http:\/\/naturopause.fr\/wp-content\/uploads\/2023\/12\/10000000_7099927560028984_4277823454273442356_n.mp4\"><\/video><\/figure><div class=\"wp-block-media-text__content\">\n<p class=\"has-large-font-size\">et voici le tirage au sort effectu\u00e9 par mes 2 ni\u00e8ces Ad\u00e8le et Faustine !!<\/p>\n<\/div><\/div>\n\n\n\n<div class=\"wp-block-cover\"><span aria-hidden=\"true\" class=\"wp-block-cover__background has-background-dim\"><\/span><img loading=\"lazy\" decoding=\"async\" width=\"1024\" height=\"768\" class=\"wp-block-cover__image-background wp-image-1100\" alt=\"\" src=\"http:\/\/naturopause.fr\/wp-content\/uploads\/2023\/12\/1er-prix-1024x768.jpg\" data-object-fit=\"cover\" srcset=\"https:\/\/naturopause.fr\/wp-content\/uploads\/2023\/12\/1er-prix-1024x768.jpg 1024w, https:\/\/naturopause.fr\/wp-content\/uploads\/2023\/12\/1er-prix-300x225.jpg 300w, https:\/\/naturopause.fr\/wp-content\/uploads\/2023\/12\/1er-prix-768x576.jpg 768w, https:\/\/naturopause.fr\/wp-content\/uploads\/2023\/12\/1er-prix-1536x1152.jpg 1536w, https:\/\/naturopause.fr\/wp-content\/uploads\/2023\/12\/1er-prix-640x480.jpg 640w, https:\/\/naturopause.fr\/wp-content\/uploads\/2023\/12\/1er-prix-600x450.jpg 600w, https:\/\/naturopause.fr\/wp-content\/uploads\/2023\/12\/1er-prix-120x90.jpg 120w, https:\/\/naturopause.fr\/wp-content\/uploads\/2023\/12\/1er-prix.jpg 2016w\" sizes=\"(max-width: 1024px) 100vw, 1024px\" \/><div class=\"wp-block-cover__inner-container is-layout-flow wp-block-cover-is-layout-flow\">\n<p class=\"has-text-align-center has-large-font-size\">Le gagnant est : Mr Edouard ROZIER<\/p>\n<\/div><\/div>\n\n\n\n<p><strong><u>1er prix : <\/u>valeur 125\u20ac<\/strong><\/p>\n\n\n\n<p><strong>&#8211;<\/strong>1 massage Reflex&rsquo;o dos <strong>:&nbsp; <\/strong><a href=\"http:\/\/naturopause.fr\/index.php\/massages-soins-avec-reflexologie\/\" target=\"_blank\" rel=\"noreferrer noopener\">http:\/\/naturopause.fr\/index.php\/massages-soins-avec-reflexologie\/<\/a><\/p>\n\n\n\n<p><a><\/a>+&nbsp;1 un diffuseur \u00e9lectrique silencieux d&rsquo;huiles essentielles \u00e0 chaleur douce&nbsp;+ 2 huiles essentielles ( eucalyptus et citronnelle)&nbsp;&nbsp;&nbsp;<\/p>\n\n\n\n<p>+&nbsp;1 pot de miel et pollen et sa cuill\u00e8re en bois<\/p>\n\n\n\n<div class=\"wp-block-cover\"><span aria-hidden=\"true\" class=\"wp-block-cover__background has-background-dim\"><\/span><img loading=\"lazy\" decoding=\"async\" width=\"1024\" height=\"768\" class=\"wp-block-cover__image-background wp-image-1101\" alt=\"\" src=\"http:\/\/naturopause.fr\/wp-content\/uploads\/2023\/12\/2eme-prix-1024x768.jpg\" data-object-fit=\"cover\" srcset=\"https:\/\/naturopause.fr\/wp-content\/uploads\/2023\/12\/2eme-prix-1024x768.jpg 1024w, https:\/\/naturopause.fr\/wp-content\/uploads\/2023\/12\/2eme-prix-300x225.jpg 300w, https:\/\/naturopause.fr\/wp-content\/uploads\/2023\/12\/2eme-prix-768x576.jpg 768w, https:\/\/naturopause.fr\/wp-content\/uploads\/2023\/12\/2eme-prix-1536x1152.jpg 1536w, https:\/\/naturopause.fr\/wp-content\/uploads\/2023\/12\/2eme-prix-640x480.jpg 640w, https:\/\/naturopause.fr\/wp-content\/uploads\/2023\/12\/2eme-prix-600x450.jpg 600w, https:\/\/naturopause.fr\/wp-content\/uploads\/2023\/12\/2eme-prix-120x90.jpg 120w, https:\/\/naturopause.fr\/wp-content\/uploads\/2023\/12\/2eme-prix.jpg 2016w\" sizes=\"(max-width: 1024px) 100vw, 1024px\" \/><div class=\"wp-block-cover__inner-container is-layout-flow wp-block-cover-is-layout-flow\">\n<p class=\"has-text-align-center has-large-font-size\">le 2eme lot est pour :<\/p>\n\n\n\n<p class=\"has-text-align-center has-large-font-size\">Mme Julienne GOURDIN<\/p>\n<\/div><\/div>\n\n\n\n<p><strong>2eme prix :<\/strong> valeur 84\u20ac<\/p>\n\n\n\n<p>&#8211; 1 massage Zenitude :&nbsp; <a href=\"http:\/\/naturopause.fr\/index.php\/2019\/09\/09\/le-zenitude\/\" target=\"_blank\" rel=\"noreferrer noopener\">http:\/\/naturopause.fr\/index.php\/2019\/09\/09\/le-zenitude\/<\/a><\/p>\n\n\n\n<p>+ 1 sachet de tisane cocooning ( tilleul, thym, romarin,guimauve,origan)<\/p>\n\n\n\n<p>+ 1 jolie tasse<\/p>\n\n\n\n<p>+ 1 pot de miel \u00a0\u00bb Des petits Anges\u00a0\u00bb (miel d\u00e9licats de fleurs de printemps et petit palet de Noel en chocolat)<\/p>\n\n\n\n<p>+ 1 cuill\u00e8re \u00e0 miel<\/p>\n\n\n\n<div class=\"wp-block-cover\"><span aria-hidden=\"true\" class=\"wp-block-cover__background has-background-dim\"><\/span><img loading=\"lazy\" decoding=\"async\" width=\"1024\" height=\"768\" class=\"wp-block-cover__image-background wp-image-1102\" alt=\"\" src=\"http:\/\/naturopause.fr\/wp-content\/uploads\/2023\/12\/3eme-prix-1024x768.jpg\" data-object-fit=\"cover\" srcset=\"https:\/\/naturopause.fr\/wp-content\/uploads\/2023\/12\/3eme-prix-1024x768.jpg 1024w, https:\/\/naturopause.fr\/wp-content\/uploads\/2023\/12\/3eme-prix-300x225.jpg 300w, https:\/\/naturopause.fr\/wp-content\/uploads\/2023\/12\/3eme-prix-768x576.jpg 768w, https:\/\/naturopause.fr\/wp-content\/uploads\/2023\/12\/3eme-prix-1536x1152.jpg 1536w, https:\/\/naturopause.fr\/wp-content\/uploads\/2023\/12\/3eme-prix-640x480.jpg 640w, https:\/\/naturopause.fr\/wp-content\/uploads\/2023\/12\/3eme-prix-600x450.jpg 600w, https:\/\/naturopause.fr\/wp-content\/uploads\/2023\/12\/3eme-prix-120x90.jpg 120w, https:\/\/naturopause.fr\/wp-content\/uploads\/2023\/12\/3eme-prix.jpg 2016w\" sizes=\"(max-width: 1024px) 100vw, 1024px\" \/><div class=\"wp-block-cover__inner-container is-layout-flow wp-block-cover-is-layout-flow\">\n<p class=\"has-text-align-center has-large-font-size\">Le 3eme lot est remport\u00e9 par:<\/p>\n\n\n\n<p class=\"has-text-align-center has-large-font-size\"> Mme R\u00e9gine Alousque <\/p>\n<\/div><\/div>\n\n\n\n<p><strong>3eme prix :<\/strong> valeur 60\u20ac<\/p>\n\n\n\n<p>&#8211; 1 s\u00e9ance de r\u00e9flexologie plantaire :&nbsp; <a href=\"http:\/\/naturopause.fr\/index.php\/la-reflexologie-plantaire\/\" target=\"_blank\" rel=\"noreferrer noopener\">http:\/\/naturopause.fr\/index.php\/la-reflexologie-plantaire\/<\/a><\/p>\n\n\n\n<p>+ 1 pot de miel et pollen et sa cuill\u00e8re en bois<\/p>\n\n\n\n<div class=\"wp-block-cover\"><span aria-hidden=\"true\" class=\"wp-block-cover__background has-background-dim\"><\/span><img loading=\"lazy\" decoding=\"async\" width=\"1024\" height=\"768\" class=\"wp-block-cover__image-background wp-image-1103\" alt=\"\" src=\"http:\/\/naturopause.fr\/wp-content\/uploads\/2023\/12\/4eme-prix-1024x768.jpg\" data-object-fit=\"cover\" srcset=\"https:\/\/naturopause.fr\/wp-content\/uploads\/2023\/12\/4eme-prix-1024x768.jpg 1024w, https:\/\/naturopause.fr\/wp-content\/uploads\/2023\/12\/4eme-prix-300x225.jpg 300w, https:\/\/naturopause.fr\/wp-content\/uploads\/2023\/12\/4eme-prix-768x576.jpg 768w, https:\/\/naturopause.fr\/wp-content\/uploads\/2023\/12\/4eme-prix-1536x1152.jpg 1536w, https:\/\/naturopause.fr\/wp-content\/uploads\/2023\/12\/4eme-prix-640x480.jpg 640w, https:\/\/naturopause.fr\/wp-content\/uploads\/2023\/12\/4eme-prix-600x450.jpg 600w, https:\/\/naturopause.fr\/wp-content\/uploads\/2023\/12\/4eme-prix-120x90.jpg 120w, https:\/\/naturopause.fr\/wp-content\/uploads\/2023\/12\/4eme-prix.jpg 2016w\" sizes=\"(max-width: 1024px) 100vw, 1024px\" \/><div class=\"wp-block-cover__inner-container is-layout-flow wp-block-cover-is-layout-flow\">\n<p class=\"has-text-align-center has-large-font-size\">Le 4eme lot est pour:<\/p>\n\n\n\n<p class=\"has-text-align-center has-large-font-size\"> Mme Annie TORELLI<\/p>\n<\/div><\/div>\n\n\n\n<p><strong>4eme prix :<\/strong> valeur&nbsp; 50\u20ac<\/p>\n\n\n\n<p>&#8211; 1 Savon Visage au miel de Thym et Charbon :&nbsp; pour purifier et r\u00e9guler l\u2019exc\u00e8s de s\u00e9bum, et enrichi aux huiles d\u2019Olive, de Coco et d\u2019H\u00e9lianthus pour hydrater et apaiser la peau<\/p>\n\n\n\n<p>+&nbsp; 1 savon corps au miel de printemps et \u00e0 la cire d&rsquo;abeille<\/p>\n\n\n\n<p>+ 1 Masque nourrissant au miel d\u2019Acacia V\u00e9ritable soin r\u00e9parateur pour les cheveux fragilis\u00e9s, il hydrate et nourrit les cheveux des racines jusqu\u2019aux pointes pour leur redonner une brillance incomparable.<\/p>\n\n\n\n<div class=\"wp-block-cover\"><span aria-hidden=\"true\" class=\"wp-block-cover__background has-background-dim\"><\/span><img loading=\"lazy\" decoding=\"async\" width=\"1024\" height=\"768\" class=\"wp-block-cover__image-background wp-image-1104\" alt=\"\" src=\"http:\/\/naturopause.fr\/wp-content\/uploads\/2023\/12\/5eme-prix-1024x768.jpg\" data-object-fit=\"cover\" srcset=\"https:\/\/naturopause.fr\/wp-content\/uploads\/2023\/12\/5eme-prix-1024x768.jpg 1024w, https:\/\/naturopause.fr\/wp-content\/uploads\/2023\/12\/5eme-prix-300x225.jpg 300w, https:\/\/naturopause.fr\/wp-content\/uploads\/2023\/12\/5eme-prix-768x576.jpg 768w, https:\/\/naturopause.fr\/wp-content\/uploads\/2023\/12\/5eme-prix-1536x1152.jpg 1536w, https:\/\/naturopause.fr\/wp-content\/uploads\/2023\/12\/5eme-prix-640x480.jpg 640w, https:\/\/naturopause.fr\/wp-content\/uploads\/2023\/12\/5eme-prix-600x450.jpg 600w, https:\/\/naturopause.fr\/wp-content\/uploads\/2023\/12\/5eme-prix-120x90.jpg 120w, https:\/\/naturopause.fr\/wp-content\/uploads\/2023\/12\/5eme-prix.jpg 2016w\" sizes=\"(max-width: 1024px) 100vw, 1024px\" \/><div class=\"wp-block-cover__inner-container is-layout-flow wp-block-cover-is-layout-flow\">\n<p class=\"has-text-align-center has-large-font-size\">Le 5eme lot est gagn\u00e9 par : Mme Juliette BARTHE<\/p>\n<\/div><\/div>\n\n\n\n<p><strong>5eme prix :<\/strong> valeur 35\u20ac<\/p>\n\n\n\n<p>&#8211; 1 pot de d\u00e9lice de marron ( cr\u00e8me de ch\u00e2taignes au miel de ch\u00e2taignier )<\/p>\n\n\n\n<p>+ 1 pot de confiture de myrtilles au miel cuite au chaudron<\/p>\n\n\n\n<p>+ 1 cuill\u00e8re \u00e0 miel<\/p>\n\n\n\n<p>+ 1 bougie \u00e0 la cire d&rsquo;abeilles<\/p>\n\n\n\n<div class=\"wp-block-cover\"><span aria-hidden=\"true\" class=\"wp-block-cover__background has-background-dim\"><\/span><img loading=\"lazy\" decoding=\"async\" width=\"1024\" height=\"768\" class=\"wp-block-cover__image-background wp-image-1105\" alt=\"\" src=\"http:\/\/naturopause.fr\/wp-content\/uploads\/2023\/12\/6eme-prix-1024x768.jpg\" data-object-fit=\"cover\" srcset=\"https:\/\/naturopause.fr\/wp-content\/uploads\/2023\/12\/6eme-prix-1024x768.jpg 1024w, https:\/\/naturopause.fr\/wp-content\/uploads\/2023\/12\/6eme-prix-300x225.jpg 300w, https:\/\/naturopause.fr\/wp-content\/uploads\/2023\/12\/6eme-prix-768x576.jpg 768w, https:\/\/naturopause.fr\/wp-content\/uploads\/2023\/12\/6eme-prix-1536x1152.jpg 1536w, https:\/\/naturopause.fr\/wp-content\/uploads\/2023\/12\/6eme-prix-640x480.jpg 640w, https:\/\/naturopause.fr\/wp-content\/uploads\/2023\/12\/6eme-prix-600x450.jpg 600w, https:\/\/naturopause.fr\/wp-content\/uploads\/2023\/12\/6eme-prix-120x90.jpg 120w, https:\/\/naturopause.fr\/wp-content\/uploads\/2023\/12\/6eme-prix.jpg 2016w\" sizes=\"(max-width: 1024px) 100vw, 1024px\" \/><div class=\"wp-block-cover__inner-container is-layout-flow wp-block-cover-is-layout-flow\">\n<p class=\"has-text-align-center has-large-font-size\">Et le 6\u00e9me prix est pour : Mme G\u00e9raldine GOTTLE <\/p>\n<\/div><\/div>\n\n\n\n<p><strong>6eme prix :<\/strong> valeur 20\u20ac<\/p>\n\n\n\n<p>&#8211; 1 boite de 20 infusions \u00ab\u00a0Api &lsquo;Articulation\u00a0\u00bb<\/p>\n\n\n\n<p>+ 1 jolie tasse<\/p>\n\n\n\n<p>+ 1 cuill\u00e8re \u00e0 miel<\/p>\n","protected":false},"excerpt":{"rendered":"<p>Et oui j&rsquo;ai 10 ans !! 10 ann\u00e9es que j&rsquo;ai re\u00e7u mon dipl\u00f4me de Praticienne Naturopathe ! 10 ans que je suis des formations et des s\u00e9minaires : massage pour la femme enceinte, phytoth\u00e9rapie, r\u00e9flexologies, ost\u00e9ofluidique, hypnose, massages minceur et bien \u00eatre, etc afin&#8230;<\/p>\n","protected":false},"author":1,"featured_media":0,"parent":0,"menu_order":0,"comment_status":"closed","ping_status":"closed","template":"","meta":{"footnotes":""},"_links":{"self":[{"href":"https:\/\/naturopause.fr\/index.php\/wp-json\/wp\/v2\/pages\/1096"}],"collection":[{"href":"https:\/\/naturopause.fr\/index.php\/wp-json\/wp\/v2\/pages"}],"about":[{"href":"https:\/\/naturopause.fr\/index.php\/wp-json\/wp\/v2\/types\/page"}],"author":[{"embeddable":true,"href":"https:\/\/naturopause.fr\/index.php\/wp-json\/wp\/v2\/users\/1"}],"replies":[{"embeddable":true,"href":"https:\/\/naturopause.fr\/index.php\/wp-json\/wp\/v2\/comments?post=1096"}],"version-history":[{"count":8,"href":"https:\/\/naturopause.fr\/index.php\/wp-json\/wp\/v2\/pages\/1096\/revisions"}],"predecessor-version":[{"id":1115,"href":"https:\/\/naturopause.fr\/index.php\/wp-json\/wp\/v2\/pages\/1096\/revisions\/1115"}],"wp:attachment":[{"href":"https:\/\/naturopause.fr\/index.php\/wp-json\/wp\/v2\/media?parent=1096"}],"curies":[{"name":"wp","href":"https:\/\/api.w.org\/{rel}","templated":true}]}}